{"id":1690,"date":"2025-07-15T17:34:24","date_gmt":"2025-07-15T17:34:24","guid":{"rendered":"https:\/\/procutdev.i3dev.pl\/?post_type=product&#038;p=1690"},"modified":"2025-10-20T15:28:55","modified_gmt":"2025-10-20T13:28:55","slug":"260w-napajaci-zdroj-pre-rezaci-stroj-minova-pro","status":"publish","type":"product","link":"https:\/\/procutdev.i3dev.pl\/sk\/product\/260w-napajaci-zdroj-pre-rezaci-stroj-minova-pro\/","title":{"rendered":"260W nap\u00e1jac\u00ed zdroj pre rezac\u00ed stroj Minova Pro"},"content":{"rendered":"","protected":false},"excerpt":{"rendered":"<p>Oryginalny, ch\u0142odzony powietrzem zasilacz do przecinarki Minova Pro 260W<\/p>","protected":false},"featured_media":1696,"comment_status":"open","ping_status":"closed","template":"","meta":{"_acf_changed":false},"product_brand":[],"product_cat":[61],"product_tag":[],"class_list":{"0":"post-1690","1":"product","2":"type-product","3":"status-publish","4":"has-post-thumbnail","6":"product_cat-akcesoria","7":"product_shipping_class-gabaryt-maly","9":"first","10":"instock","11":"taxable","12":"shipping-taxable","13":"purchasable","14":"product-type-simple"},"acf":[],"_links":{"self":[{"href":"https:\/\/procutdev.i3dev.pl\/sk\/wp-json\/wp\/v2\/product\/1690","targetHints":{"allow":["GET"]}}],"collection":[{"href":"https:\/\/procutdev.i3dev.pl\/sk\/wp-json\/wp\/v2\/product"}],"about":[{"href":"https:\/\/procutdev.i3dev.pl\/sk\/wp-json\/wp\/v2\/types\/product"}],"replies":[{"embeddable":true,"href":"https:\/\/procutdev.i3dev.pl\/sk\/wp-json\/wp\/v2\/comments?post=1690"}],"version-history":[{"count":1,"href":"https:\/\/procutdev.i3dev.pl\/sk\/wp-json\/wp\/v2\/product\/1690\/revisions"}],"predecessor-version":[{"id":1697,"href":"https:\/\/procutdev.i3dev.pl\/sk\/wp-json\/wp\/v2\/product\/1690\/revisions\/1697"}],"wp:featuredmedia":[{"embeddable":true,"href":"https:\/\/procutdev.i3dev.pl\/sk\/wp-json\/wp\/v2\/media\/1696"}],"wp:attachment":[{"href":"https:\/\/procutdev.i3dev.pl\/sk\/wp-json\/wp\/v2\/media?parent=1690"}],"wp:term":[{"taxonomy":"product_brand","embeddable":true,"href":"https:\/\/procutdev.i3dev.pl\/sk\/wp-json\/wp\/v2\/product_brand?post=1690"},{"taxonomy":"product_cat","embeddable":true,"href":"https:\/\/procutdev.i3dev.pl\/sk\/wp-json\/wp\/v2\/product_cat?post=1690"},{"taxonomy":"product_tag","embeddable":true,"href":"https:\/\/procutdev.i3dev.pl\/sk\/wp-json\/wp\/v2\/product_tag?post=1690"}],"curies":[{"name":"wp","href":"https:\/\/api.w.org\/{rel}","templated":true}]}}