{"id":3,"date":"2025-06-20T17:10:47","date_gmt":"2025-06-20T17:10:47","guid":{"rendered":"https:\/\/procutdev.i3dev.pl\/?page_id=3"},"modified":"2025-09-18T14:23:58","modified_gmt":"2025-09-18T12:23:58","slug":"polityka-prywatnosci","status":"publish","type":"page","link":"https:\/\/procutdev.i3dev.pl\/sk\/polityka-prywatnosci\/","title":{"rendered":"Z\u00e1sady ochrany osobn\u00fdch \u00fadajov"},"content":{"rendered":"<h2 class=\"wp-block-heading\">\u00a71 Administracja danych osobowych<\/h2>\n\n\n\n<ol class=\"wp-block-list\">\n<li>Administratorem danych osobowych jest&nbsp;Kacper Wojtas, prowadz\u0105cy dzia\u0142alno\u015b\u0107 gospodarcz\u0105 pod firm\u0105&nbsp;itszy.pl Kacper Wojtas,&nbsp;Gorliczyna 57B,&nbsp;37-200&nbsp;Gorliczyna. Dzia\u0142alno\u015b\u0107 gospodarcza jest wpisana do Centralnej Ewidencji i Informacji o Dzia\u0142alno\u015bci Gospodarczej pod numerem NIP:&nbsp;7941781602, REGON&nbsp;368018213.<\/li>\n\n\n\n<li>Kontakt z osob\u0105 nadzoruj\u0105c\u0105 przetwarzanie danych osobowych w organizacji jest mo\u017cliwy drog\u0105 elektroniczn\u0105 pod adresem e-mail:&nbsp;sklep@procutdev.i3dev.pl, pisemnie na adres Administratora lub telefonicznie pod numerem telefonu&nbsp;660020443.<\/li>\n\n\n\n<li>Niniejsza Polityka zawiera zasady dotycz\u0105ce przetwarzania danych osobowych przez Administratora w Serwisie Internetowym, w tym podstawy, cele i zakres przetwarzania danych osobowych oraz prawa os\u00f3b, kt\u00f3rych dane dotycz\u0105.<\/li>\n\n\n\n<li>Dane osobowe przetwarzane s\u0105 przez Administratora zgodnie z obowi\u0105zuj\u0105cymi przepisami prawa, w szczeg\u00f3lno\u015bci zgodnie z rozporz\u0105dzeniem Parlamentu Europejskiego i Rady (UE) 2016\/679 z dnia 27 kwietnia 2016 r. w sprawie ochrony os\u00f3b fizycznych w zwi\u0105zku z przetwarzaniem danych osobowych i w sprawie swobodnego przep\u0142ywu takich danych oraz uchylenia dyrektywy 95\/46\/WE (og\u00f3lne rozporz\u0105dzenie o ochronie danych) Oficjalny tekst Rozporz\u0105dzenia RODO: http:\/\/eur-lex.europa.eu\/legal-content\/PL\/TXT\/?uri=CELEX%3A32016R0679.<\/li>\n\n\n\n<li>Uprawnienia U\u017cytkownika nie s\u0105 bezwzgl\u0119dne i nie przys\u0142uguj\u0105 w odniesieniu do wszystkich czynno\u015bci przetwarzania danych osobowych.<\/li>\n<\/ol>\n\n\n\n<h2 class=\"wp-block-heading\">\u00a72 Definicje<\/h2>\n\n\n\n<ol class=\"wp-block-list\">\n<li>Administrator &#8211;&nbsp;Kacper Wojtas, prowadz\u0105cy dzia\u0142alno\u015b\u0107 gospodarcz\u0105 pod firm\u0105&nbsp;itszy.pl Kacper Wojtas,&nbsp;Gorliczyna 57B,&nbsp;37-200&nbsp;Gorliczyna. Dzia\u0142alno\u015b\u0107 gospodarcza jest wpisana do Centralnej Ewidencji i Informacji o Dzia\u0142alno\u015bci Gospodarczej pod numerem NIP:&nbsp;7941781602, REGON&nbsp;368018213.<\/li>\n\n\n\n<li>Dane osobowe &#8211; informacje o osobie fizycznej zidentyfikowanej lub mo\u017cliwej do zidentyfikowania poprzez jeden b\u0105d\u017a kilka szczeg\u00f3lnych czynnik\u00f3w okre\u015blaj\u0105cych fizyczn\u0105, fizjologiczn\u0105, genetyczn\u0105, psychiczn\u0105, ekonomiczn\u0105, kulturow\u0105 lub spo\u0142eczn\u0105 to\u017csamo\u015b\u0107, w tym IP urz\u0105dzenia, identyfikator internetowy oraz informacje gromadzone za po\u015brednictwem plik\u00f3w cookie oraz innej podobnej technologii.<\/li>\n\n\n\n<li>Polityka &#8211; niniejsza Polityka prywatno\u015bci.<\/li>\n\n\n\n<li>Polityka Cookies \u2013 dokument okre\u015blaj\u0105cy zasady stosowania plik\u00f3w cookie w Serwisie dost\u0119pna pod adresem: https:\/\/procutdev.i3dev.pl\/polityka-cookies\/.<\/li>\n\n\n\n<li>Profilowanie &#8211; zautomatyzowane przetwarzanie danych osobowych, kt\u00f3re polega na analizowaniu i przewidywaniu zachowa\u0144 u\u017cytkownika.<\/li>\n\n\n\n<li>RODO \/ Rozporz\u0105dzenie RODO &#8211; rozporz\u0105dzenie parlamentu Europejskiego i Rady (UE) 2016\/679 z 27.04.2016 r. w sprawie ochrony os\u00f3b fizycznych w zwi\u0105zku z przetwarzaniem danych osobowych i w sprawie swobodnego przep\u0142ywu takich danych oraz uchylenia dyrektywy 95\/46\/WE.<\/li>\n\n\n\n<li>Serwis &#8211; serwis internetowy prowadzony przez Administratora pod adresem&nbsp;pro-cut.pl.<\/li>\n\n\n\n<li>U\u017cytkownik &#8211; ka\u017cda osoba fizyczna odwiedzaj\u0105ca Serwis lub korzystaj\u0105ca z jednej albo kilku us\u0142ug czy funkcjonalno\u015bci opisanych w Polityce.<\/li>\n<\/ol>\n\n\n\n<h2 class=\"wp-block-heading\">\u00a73 Bezpiecze\u0144stwo<\/h2>\n\n\n\n<ol class=\"wp-block-list\">\n<li>Administrator wdro\u017cy\u0142 odpowiednie \u015brodki techniczne i organizacyjne, kt\u00f3re zapewniaj\u0105 bezpiecze\u0144stwo przetwarzania danych osobowych, a w szczeg\u00f3lno\u015bci jest odpowiedzialny i zapewnia, \u017ce zbierane przez niego dane s\u0105:\n<ul class=\"wp-block-list\">\n<li>przetwarzane zgodnie z prawem;<\/li>\n\n\n\n<li>zbierane dla oznaczonych, zgodnych z prawem cel\u00f3w i niepoddawane dalszemu przetwarzaniu niezgodnemu z tymi celami;<\/li>\n\n\n\n<li>merytorycznie poprawne i adekwatne w stosunku do cel\u00f3w, w jakich s\u0105 przetwarzane;<\/li>\n\n\n\n<li>przechowywane w postaci umo\u017cliwiaj\u0105cej identyfikacj\u0119 os\u00f3b, kt\u00f3rych dotycz\u0105, nie d\u0142u\u017cej ni\u017c jest to niezb\u0119dne do osi\u0105gni\u0119cia celu przetwarzania oraz<\/li>\n\n\n\n<li>przetwarzane w spos\u00f3b zapewniaj\u0105cy odpowiednie bezpiecze\u0144stwo danych osobowych, w tym ochron\u0119 przed niedozwolonym lub niezgodnym z prawem przetwarzaniem oraz przypadkow\u0105 utrat\u0105, zniszczeniem lub uszkodzeniem, za pomoc\u0105 odpowiednich \u015brodk\u00f3w technicznych lub organizacyjnych.<\/li>\n<\/ul>\n<\/li>\n<\/ol>\n\n\n\n<h2 class=\"wp-block-heading\">\u00a74 Cele i podstawy prawne przetwarzania danych<\/h2>\n\n\n\n<ol class=\"wp-block-list\">\n<li>Na podstawie artyku\u0142 6 ust. 1 lit. a) Rozporz\u0105dzenia RODO (zgody) dane osobowe mog\u0105 by\u0107 przetwarzane w celach:\n<ul class=\"wp-block-list\">\n<li>Retargetingu i reklamy behawioralnej, w tym wy\u015bwietlania spersonalizowanych reklam w oparciu o histori\u0119 aktywno\u015bci u\u017cytkownika w Serwisie oraz w innych serwisach internetowych. Przetwarzanie danych w tych celach odbywa si\u0119 wy\u0142\u0105cznie na podstawie zgody U\u017cytkownika wyra\u017conej w banerze cookies. Dane mog\u0105 by\u0107 zbierane za po\u015brednictwem plik\u00f3w cookie oraz podobnych technologii, zgodnie z Polityk\u0105 Cookies.<\/li>\n\n\n\n<li>Wysy\u0142ki Newslettera.<\/li>\n\n\n\n<li>Publikacji opinii<\/li>\n\n\n\n<li>Zapisywania danych w plikach cookie zgodnie z Polityk\u0105 Cookies dost\u0119pn\u0105 pod adresem: https:\/\/procutdev.i3dev.pl\/polityka-cookies\/.<\/li>\n\n\n\n<li>Obs\u0142ugi i utrzymania konta u\u017cytkownika w Serwisie.<\/li>\n\n\n\n<li>Kontaktu za po\u015brednictwem narz\u0119dzi porozumiewania si\u0119 na odleg\u0142o\u015b\u0107, w szczeg\u00f3lno\u015bci: telefonicznego, mailowego lub aplikacji.<\/li>\n\n\n\n<li>Moderowania tre\u015bci.<\/li>\n\n\n\n<li>Personalizacji tre\u015bci.<\/li>\n\n\n\n<li>Marketingu produkt\u00f3w i us\u0142ug Administratora i partner\u00f3w Administratora.<\/li>\n\n\n\n<li>Udzia\u0142u w webinarze lub szkoleniu online.<\/li>\n\n\n\n<li>Udzia\u0142u w konkursach i programach lojalno\u015bciowych.<\/li>\n\n\n\n<li>Zapraszania do udzia\u0142u w ankietach i badaniach rynku.<\/li>\n<\/ul>\n<\/li>\n\n\n\n<li>Na podstawie artyku\u0142u 6 ust 1 lit. b) Rozporz\u0105dzenia RODO (wykonywania umowy) dane osobowe mog\u0105 by\u0107 przetwarzane w celach:\n<ul class=\"wp-block-list\">\n<li>Zarz\u0105dzania kontem u\u017cytkownika.<\/li>\n\n\n\n<li>Wykonywania umowy sprzeda\u017cy lub umowy o \u015bwiadczenia Us\u0142ugi lub podj\u0119cia dzia\u0142a\u0144 na \u017c\u0105danie osoby, kt\u00f3rej dane dotycz\u0105 przed zawarciem wskazanej umowy lub po jej zawarciu, w szczeg\u00f3lno\u015bci: prawo do r\u0119kojmi, rozpatrzenia reklamacji.<\/li>\n\n\n\n<li>Reklamacji lub odst\u0105pienia od umowy zawartej na odleg\u0142o\u015b\u0107.<\/li>\n<\/ul>\n<\/li>\n\n\n\n<li>Na podstawie artyku\u0142u 6 ust 1 lit. c) Rozporz\u0105dzenia RODO (obowi\u0105zek prawny ci\u0105\u017c\u0105cy na Administratorze) dane osobowe mog\u0105 by\u0107 przetwarzane w celach:\n<ul class=\"wp-block-list\">\n<li>Wystawianie i przechowywanie faktur, rachunk\u00f3w lub spe\u0142nienia innych obowi\u0105zk\u00f3w wynikaj\u0105cych z przepis\u00f3w podatkowo-rachunkowych, (obowi\u0105zek archiwizacyjny dot. dokument\u00f3w ksi\u0119gowych).<\/li>\n\n\n\n<li>Wsp\u00f3\u0142pracy z organami \u015bcigania i instytucjami publicznymi.<\/li>\n\n\n\n<li>Tworzenie rejestr\u00f3w i innej dokumentacji nakazanej przepisami RODO.<\/li>\n<\/ul>\n<\/li>\n\n\n\n<li>Na podstawie artyku\u0142u 6 ust 1 lit. f) Rozporz\u0105dzenia RODO (prawnie uzasadniony interes Administratora) dane osobowe mog\u0105 by\u0107 przetwarzane w celach:\n<ul class=\"wp-block-list\">\n<li>Obs\u0142ugi Serwisu&nbsp;pro-cut.pl.<\/li>\n\n\n\n<li>Zapisywania danych niezb\u0119dnych do prawid\u0142owego dzia\u0142ania Serwisu w plikach cookie zgodnie z Polityk\u0105 Cookie.<\/li>\n\n\n\n<li>Obs\u0142ugi konta w&nbsp;Facebook, Youtube, LinkedIn&nbsp;i wchodzenie w interakcj\u0119 z U\u017cytkownikami wskazanych portali.<\/li>\n\n\n\n<li>Zabezpieczenia bezpiecze\u0144stwa Serwisu, zarz\u0105dzania Serwisem oraz jego prawid\u0142owego dzia\u0142ania.<\/li>\n\n\n\n<li>Prowadzenia statystyk i analiz ruchu w Serwisie Internetowym.<\/li>\n\n\n\n<li>Marketingu bezpo\u015bredniego.<\/li>\n\n\n\n<li>Ustalenia roszcze\u0144 podnoszonych przez lub wobec Administratora.<\/li>\n\n\n\n<li>Kontaktu z U\u017cytkownikiem.<\/li>\n<\/ul>\n<\/li>\n\n\n\n<li>Dane osobowe mog\u0105 by\u0107 r\u00f3wnie\u017c przetwarzane w innych celach, je\u017celi Administrator b\u0119dzie posiada\u0142 odpowiedni\u0105 podstaw\u0119 prawn\u0105 do tego, w szczeg\u00f3lno\u015bci wynikaj\u0105c\u0105 z art. 6 RODO, pod warunkiem, \u017ce cel ten nie narusza praw i wolno\u015bci U\u017cytkownika. W takim przypadku U\u017cytkownik zostanie poinformowany o nowym celu przetwarzania przed rozpocz\u0119ciem przetwarzania w tym celu.<\/li>\n<\/ol>\n\n\n\n<h2 class=\"wp-block-heading\">\u00a75 Profilowanie<\/h2>\n\n\n\n<ol class=\"wp-block-list\">\n<li>Administrator stosuje profilowanie w celach marketingowych, polegaj\u0105ce na analizie aktywno\u015bci U\u017cytkownika w Serwisie za pomoc\u0105 plik\u00f3w cookies i podobnych technologii.<\/li>\n\n\n\n<li>Profilowanie mo\u017ce obejmowa\u0107:\n<ul class=\"wp-block-list\">\n<li>personalizacj\u0119 reklam na podstawie historii przegl\u0105dania,<\/li>\n\n\n\n<li>analiz\u0119 interakcji U\u017cytkownika z tre\u015bciami w Serwisie,<\/li>\n\n\n\n<li>dostosowanie wy\u015bwietlanych tre\u015bci reklamowych w serwisach zewn\u0119trznych (np. Google Ads, Facebook).<\/li>\n<\/ul>\n<\/li>\n\n\n\n<li>Profilowanie odbywa si\u0119 wy\u0142\u0105cznie na podstawie zgody U\u017cytkownika.<\/li>\n\n\n\n<li>U\u017cytkownik mo\u017ce w ka\u017cdej chwili cofn\u0105\u0107 zgod\u0119 na profilowanie poprzez zmian\u0119 ustawie\u0144 lub kontaktuj\u0105c si\u0119 z Administratorem na adres e-mail: sklep@procutdev.i3dev.pl.<\/li>\n<\/ol>\n\n\n\n<h2 class=\"wp-block-heading\">\u00a76 Okres przetwarzania Danych osobowych<\/h2>\n\n\n\n<ol class=\"wp-block-list\">\n<li>Okres przetwarzania danych przez Administratora zale\u017cy od rodzaju \u015bwiadczonej us\u0142ugi i celu przetwarzania. Co do zasady dane przetwarzane s\u0105 przez czas \u015bwiadczenia us\u0142ugi, do czasu wycofania wyra\u017conej zgody lub zg\u0142oszenia skutecznego sprzeciwu wzgl\u0119dem przetwarzania danych w przypadkach, gdy podstaw\u0105 prawn\u0105 przetwarzania danych jest prawnie uzasadniony interes Administratora.<\/li>\n\n\n\n<li>Okres przetwarzania danych mo\u017ce by\u0107 przed\u0142u\u017cony w przypadku, gdy przetwarzanie jest niezb\u0119dne do ustalenia i dochodzenia ewentualnych roszcze\u0144 lub obrony przed roszczeniami, a po tym czasie jedynie w przypadku i w zakresie, w jakim b\u0119d\u0105 wymaga\u0107 tego przepisy prawa. Po up\u0142ywie okresu przetwarzania dane s\u0105 nieodwracalnie usuwane lub zanonimizowane.<\/li>\n\n\n\n<li>Szczeg\u00f3\u0142owe okresy przechowywania danych w zale\u017cno\u015bci od celu, np.:\n<ul class=\"wp-block-list\">\n<li>Dane zwi\u0105zane z realizacj\u0105 umowy \u2013 przechowywane przez okres obowi\u0105zywania umowy, a nast\u0119pnie do up\u0142ywu okresu przedawnienia roszcze\u0144 (3 lub 6 lat).<\/li>\n\n\n\n<li>Dane ksi\u0119gowe i podatkowe \u2013 przechowywane przez okres wymagany przez przepisy prawa podatkowego (obecnie 5 lat).<\/li>\n\n\n\n<li>Dane uzyskane na podstawie otrzymanej zgody \u2013 przechowywane do czasu cofni\u0119cia zgody.<\/li>\n\n\n\n<li>Dane zwi\u0105zane z zapytaniami u\u017cytkownik\u00f3w \u2013 przechowywane przez okres do 12 miesi\u0119cy od zako\u0144czenia korespondencji.<\/li>\n<\/ul>\n<\/li>\n<\/ol>\n\n\n\n<h2 class=\"wp-block-heading\">\u00a77 Prawa U\u017cytkownika<\/h2>\n\n\n\n<ol class=\"wp-block-list\">\n<li>U\u017cytkownikowi w odniesieniu do swoich danych osobowych przys\u0142uguj\u0105 nast\u0119puj\u0105ce prawa:\n<ul class=\"wp-block-list\">\n<li>dost\u0119p do swoich danych osobowych,<\/li>\n\n\n\n<li>sprostowania danych osobowych w dowolnym momencie,<\/li>\n\n\n\n<li>usuni\u0119cia swoich danych osobowych w dowolnym momencie,<\/li>\n\n\n\n<li>otrzymania kopii swoich danych,<\/li>\n\n\n\n<li>ograniczenia przetwarzania danych osobowych,<\/li>\n\n\n\n<li>sprzeciwu wobec przetwarzania danych osobowych,<\/li>\n\n\n\n<li>przenoszenia danych osobowych,<\/li>\n\n\n\n<li>cofni\u0119cia zgody; wycofanie zgody nie wp\u0142ywa na zgodno\u015b\u0107 z prawem przetwarzania dokonanego przed jej cofni\u0119ciem,<\/li>\n\n\n\n<li>sprzeciwu wobec przetwarzania danych osobowych na podstawie uzasadnionego interesu Administratora w celach marketingowych, marketingu bezpo\u015bredniego oraz w celach innych ni\u017c marketingowe,<\/li>\n\n\n\n<li>do wniesienia skargi do organu nadzorczego.<\/li>\n<\/ul>\n<\/li>\n\n\n\n<li>W celu realizacji powy\u017cszych praw U\u017cytkownik mo\u017ce skontaktowa\u0107 si\u0119 z Administratorem, wysy\u0142aj\u0105c wiadomo\u015b\u0107 na adres e-mail sklep@procutdev.i3dev.pl lub korespondencj\u0119 na adres siedziby Administratora. Administrator zobowi\u0105zuje si\u0119 do rozpatrzenia wniosku w terminie do 30 dni od jego otrzymania.<\/li>\n\n\n\n<li>W niekt\u00f3rych przypadkach Administrator mo\u017ce odm\u00f3wi\u0107 realizacji \u017c\u0105dania U\u017cytkownika, je\u015bli przepisy prawa nak\u0142adaj\u0105 obowi\u0105zek dalszego przetwarzania danych.<\/li>\n<\/ol>\n\n\n\n<h2 class=\"wp-block-heading\">\u00a78 Odbiorcy danych osobowych<\/h2>\n\n\n\n<ol class=\"wp-block-list\">\n<li>Administrator w celu prawid\u0142owego prowadzenia Serwisu przekazuje dane osobowe U\u017cytkownika innym podmiotom zewn\u0119trznym, w szczeg\u00f3lno\u015bci:&nbsp;Firma hostingowa, firmy kurierskie, operatorzy p\u0142atno\u015bci, firmy marketingowe, partnerzy biznesowi i dostawcy, system mailingowy, Base.<\/li>\n\n\n\n<li>Administrator zastrzega sobie prawo do ujawnienia danych osobowych w sytuacji, gdy b\u0119dzie to wynika\u0107 z obowi\u0105zuj\u0105cych przepis\u00f3w prawa, w tym obowi\u0105zek przekazania informacji do w\u0142a\u015bciwych organ\u00f3w administracyjnych lub organ\u00f3w \u015bcigania.<\/li>\n<\/ol>\n\n\n\n<h2 class=\"wp-block-heading\">\u00a79 Bezpiecze\u0144stwo Danych osobowych<\/h2>\n\n\n\n<ol class=\"wp-block-list\">\n<li>Administrator na bie\u017c\u0105co prowadzi analiz\u0119 ryzyka w celu zapewnienia, \u017ce Dane osobowe przetwarzane s\u0105 przez niego w spos\u00f3b bezpieczny. Poprzez swoje dzia\u0142anie zapewnia przede wszystkim, \u017ce dost\u0119p do danych maj\u0105 jedynie osoby upowa\u017cnione i jedynie w zakresie, w jakim jest to niezb\u0119dne ze wzgl\u0119du na wykonywane przez nie zadania.<\/li>\n\n\n\n<li>Administrator zobowi\u0105zany jest do podejmowania wszelkich dozwolonych przepisami prawa dzia\u0142a\u0144, by wszystkie operacje na Danych osobowych by\u0142y rejestrowane i dokonywane jedynie przez uprawniony podmiot.<\/li>\n\n\n\n<li>Administrator obowi\u0105zany jest r\u00f3wnie\u017c do tego, aby inne podmioty wsp\u00f3\u0142pracuj\u0105ce z Administratorem dawa\u0142y gwarancj\u0119 stosowania odpowiednich \u015brodk\u00f3w bezpiecze\u0144stwa w ka\u017cdym przypadku, gdy przetwarzaj\u0105 Dane osobowe na zlecenie Administratora.<\/li>\n\n\n\n<li>Administrator stosuje zabezpieczenia techniczne, takie jak szyfrowanie transmisji danych (SSL\/TLS), ograniczenie dost\u0119pu do system\u00f3w oraz procedury ochrony przed nieautoryzowanym dost\u0119pem do danych.<\/li>\n<\/ol>\n\n\n\n<h2 class=\"wp-block-heading\">\u00a710 Zmiany Polityki prywatno\u015bci<\/h2>\n\n\n\n<ol class=\"wp-block-list\">\n<li>Polityka jest na bie\u017c\u0105co weryfikowana i aktualizowana.<\/li>\n\n\n\n<li>Aktualna wersja Polityki zosta\u0142a przyj\u0119ta i obowi\u0105zuje od&nbsp;2025-07-17.<\/li>\n<\/ol>\n\n\n\n<p><\/p>\n\n\n\n<h3 class=\"wp-block-heading\">Klauzula ochrony tre\u015bci:<\/h3>\n\n\n\n<p><em>Niniejszy dokument stanowi w\u0142asno\u015b\u0107 intelektualn\u0105 firmy <strong>iTszy.pl Kacper Wojtas<\/strong> i podlega ochronie na mocy przepis\u00f3w prawa autorskiego. Zabrania si\u0119 jego kopiowania, powielania, rozpowszechniania lub wykorzystywania w ca\u0142o\u015bci b\u0105d\u017a w cz\u0119\u015bci \u2013 w szczeg\u00f3lno\u015bci w celach komercyjnych lub do tworzenia analogicznych dokument\u00f3w \u2013 bez uprzedniej, pisemnej zgody w\u0142a\u015bciciela.<\/em><\/p>\n\n\n\n<p><em>Dokument zosta\u0142 opracowany z nale\u017cyt\u0105 staranno\u015bci\u0105 i na zlecenie, a jego tre\u015b\u0107 jest chroniona zar\u00f3wno pod wzgl\u0119dem merytorycznym, jak i redakcyjnym.<\/em><\/p>\n\n\n\n<p><\/p>","protected":false},"excerpt":{"rendered":"<p>\u00a71 Administracja danych osobowych \u00a72 Definicje \u00a73 Bezpiecze\u0144stwo \u00a74 Cele i podstawy prawne przetwarzania danych \u00a75 Profilowanie \u00a76 Okres przetwarzania<\/p>","protected":false},"author":1,"featured_media":0,"parent":0,"menu_order":0,"comment_status":"closed","ping_status":"closed","template":"","meta":{"_acf_changed":false,"footnotes":""},"class_list":["post-3","page","type-page","status-publish","hentry"],"acf":[],"_links":{"self":[{"href":"https:\/\/procutdev.i3dev.pl\/sk\/wp-json\/wp\/v2\/pages\/3","targetHints":{"allow":["GET"]}}],"collection":[{"href":"https:\/\/procutdev.i3dev.pl\/sk\/wp-json\/wp\/v2\/pages"}],"about":[{"href":"https:\/\/procutdev.i3dev.pl\/sk\/wp-json\/wp\/v2\/types\/page"}],"author":[{"embeddable":true,"href":"https:\/\/procutdev.i3dev.pl\/sk\/wp-json\/wp\/v2\/users\/1"}],"replies":[{"embeddable":true,"href":"https:\/\/procutdev.i3dev.pl\/sk\/wp-json\/wp\/v2\/comments?post=3"}],"version-history":[{"count":4,"href":"https:\/\/procutdev.i3dev.pl\/sk\/wp-json\/wp\/v2\/pages\/3\/revisions"}],"predecessor-version":[{"id":2331,"href":"https:\/\/procutdev.i3dev.pl\/sk\/wp-json\/wp\/v2\/pages\/3\/revisions\/2331"}],"wp:attachment":[{"href":"https:\/\/procutdev.i3dev.pl\/sk\/wp-json\/wp\/v2\/media?parent=3"}],"curies":[{"name":"wp","href":"https:\/\/api.w.org\/{rel}","templated":true}]}}