{"id":2421,"date":"2025-09-29T18:36:06","date_gmt":"2025-09-29T16:36:06","guid":{"rendered":"https:\/\/procutdev.i3dev.pl\/?page_id=2421"},"modified":"2025-09-30T11:52:00","modified_gmt":"2025-09-30T09:52:00","slug":"szolgaltatas","status":"publish","type":"page","link":"https:\/\/procutdev.i3dev.pl\/hu\/szolgaltatas\/","title":{"rendered":"Szolg\u00e1ltat\u00e1s"},"content":{"rendered":"<div data-elementor-type=\"wp-page\" data-elementor-id=\"2421\" class=\"elementor elementor-2421\" data-elementor-post-type=\"page\">\n\t\t\t\t<div class=\"elementor-element elementor-element-bcdde19 condense-p e-flex e-con-boxed e-con e-parent\" data-id=\"bcdde19\" data-element_type=\"container\">\n\t\t\t\t\t<div class=\"e-con-inner\">\n\t\t<div class=\"elementor-element elementor-element-f69df10 e-con-full e-flex e-con e-child\" data-id=\"f69df10\" data-element_type=\"container\">\n\t\t\t\t<div class=\"elementor-element elementor-element-f577d68 elementor-widget elementor-widget-wd_text_block\" data-id=\"f577d68\" data-element_type=\"widget\" data-widget_type=\"wd_text_block.default\">\n\t\t\t\t<div class=\"elementor-widget-container\">\n\t\t\t\t\t\t\t<div class=\"wd-text-block reset-last-child text-left\">\n\t\t\t\n\t\t\t<h1>Procut \u00e9s Minova szolg\u00e1ltat\u00e1s<\/h1>\n<strong data-start=\"168\" data-end=\"199\">J\u00f3t\u00e1ll\u00e1s \u00e9s ut\u00f3szavatoss\u00e1g<\/strong><br data-start=\"199\" data-end=\"202\" \/>A Minova term\u00e9kekre teljes k\u00f6r\u0171 szervizv\u00e9delem vonatkozik. Gyors jav\u00edt\u00e1sokat k\u00edn\u00e1lunk a garanciaid\u0151 alatt \u00e9s ut\u00e1n is - mindig eredeti p\u00f3talkatr\u00e9szekhez val\u00f3 hozz\u00e1f\u00e9r\u00e9ssel.\n<br>\n\ud83d\udce7 <a class=\"decorated-link cursor-pointer\" style=\"color: #0049a3;\" href=\"mailto:serwis@procutdev.i3dev.pl\" rel=\"noopener\" data-start=\"1106\" data-end=\"1122\">serwis@procutdev.i3dev.pl<\/a> | \ud83d\udcde <a style=\"color: #0049a3;\" href=\"tel:660020443\">+48 660020443<\/a>\n\t\t\t\t\t<\/div>\n\t\t\t\t\t\t<\/div>\n\t\t\t\t<\/div>\n\t\t\t\t<div class=\"elementor-element elementor-element-464da4a elementor-widget elementor-widget-wd_text_block\" data-id=\"464da4a\" data-element_type=\"widget\" data-widget_type=\"wd_text_block.default\">\n\t\t\t\t<div class=\"elementor-widget-container\">\n\t\t\t\t\t\t\t<div class=\"wd-text-block reset-last-child text-left\">\n\t\t\t\n\t\t\t<h3>\u2705 Garanci\u00e1lis szolg\u00e1ltat\u00e1s<\/h3><ul><li>A Minova term\u00e9kekhez a Procut \u00e1ltal ny\u00fajtott teljes k\u00f6r\u0171 garancia j\u00e1r. A garancia id\u0151tartama 12 h\u00f3nap.<\/li><li>Minden k\u00e9r\u00e9st egy egyszer\u0171 \u00e9s gyors online szolg\u00e1ltat\u00e1si \u0171rlapon kereszt\u00fcl kezel\u00fcnk.<\/li><li>Feldolgoz\u00e1si id\u0151: 14 munkanap (bonyolultabb jav\u00edt\u00e1sok eset\u00e9n ak\u00e1r 28 nap).<\/li><\/ul>\n\t\t\t\t\t<\/div>\n\t\t\t\t\t\t<\/div>\n\t\t\t\t<\/div>\n\t\t\t\t<div class=\"elementor-element elementor-element-70ad543 elementor-widget elementor-widget-wd_text_block\" data-id=\"70ad543\" data-element_type=\"widget\" data-widget_type=\"wd_text_block.default\">\n\t\t\t\t<div class=\"elementor-widget-container\">\n\t\t\t\t\t\t\t<div class=\"wd-text-block reset-last-child text-left\">\n\t\t\t\n\t\t\t<h3>\ud83d\udee0\ufe0f \u00c9rt\u00e9kes\u00edt\u00e9s ut\u00e1ni szolg\u00e1ltat\u00e1s<\/h3><p>A Minova berendez\u00e9sek a garanciaid\u0151 lej\u00e1rta ut\u00e1n is a mi gondoz\u00e1sunkban maradnak.<\/p><ul><li>Gyors diagn\u00f3zist \u00e9s jav\u00edt\u00e1st k\u00edn\u00e1lunk.<\/li><li>Teljes k\u00f6r\u0171 hozz\u00e1f\u00e9r\u00e9st biztos\u00edtunk <strong>eredeti p\u00f3talkatr\u00e9szek.<\/strong><\/li><li>Egy\u00e9rtelm\u0171 szab\u00e1lyok \u00e9s gyors v\u00e9grehajt\u00e1s.<\/li><\/ul>\n\t\t\t\t\t<\/div>\n\t\t\t\t\t\t<\/div>\n\t\t\t\t<\/div>\n\t\t\t\t<div class=\"elementor-element elementor-element-0e22e93 elementor-widget elementor-widget-wd_text_block\" data-id=\"0e22e93\" data-element_type=\"widget\" data-widget_type=\"wd_text_block.default\">\n\t\t\t\t<div class=\"elementor-widget-container\">\n\t\t\t\t\t\t\t<div class=\"wd-text-block reset-last-child text-left\">\n\t\t\t\n\t\t\t<p><strong>Garanci\u00e1lis kiv\u00e9telek<\/strong><br \/>A k\u00e9sz\u00fcl\u00e9k term\u00e9szetes m\u00f3don elhaszn\u00e1l\u00f3d\u00f3 r\u00e9szei. <br \/>K\u00fcls\u0151 okokb\u00f3l, pl. term\u00e9szeti katasztr\u00f3f\u00e1kb\u00f3l ered\u0151 k\u00e1rok.<br \/>Az illet\u00e9ktelenek \u00e1ltal jav\u00edtott vagy m\u00f3dos\u00edtott term\u00e9kek.<\/p><p><strong>Felel\u0151ss\u00e9g<\/strong><br \/>A forgalmaz\u00f3 nem felel a term\u00e9k meghib\u00e1sod\u00e1s\u00e1b\u00f3l ered\u0151 k\u00e1rok\u00e9rt.<\/p><p><strong>M\u0171k\u00f6d\u00e9si tippek<\/strong><br \/>A lehets\u00e9ges probl\u00e9m\u00e1k elker\u00fcl\u00e9se \u00e9rdek\u00e9ben arra biztatjuk, hogy olvassa el a haszn\u00e1lati \u00fatmutat\u00f3t, \u00e9s rendszeresen karbantartja a szersz\u00e1mokat. Ezenk\u00edv\u00fcl arra biztatjuk, hogy l\u00e1togassa meg blogunkat, ahol a k\u00e9sz\u00fcl\u00e9keink haszn\u00e1lat\u00e1val kapcsolatos tan\u00e1csokat adunk.<\/p>\n\t\t\t\t\t<\/div>\n\t\t\t\t\t\t<\/div>\n\t\t\t\t<\/div>\n\t\t\t\t<\/div>\n\t\t<div class=\"elementor-element elementor-element-5f8e2a2 e-con-full e-flex e-con e-child\" data-id=\"5f8e2a2\" data-element_type=\"container\">\n\t\t\t\t<div class=\"elementor-element elementor-element-0097f68 elementor-widget elementor-widget-wd_text_block\" data-id=\"0097f68\" data-element_type=\"widget\" data-widget_type=\"wd_text_block.default\">\n\t\t\t\t<div class=\"elementor-widget-container\">\n\t\t\t\t\t\t\t<div class=\"wd-text-block reset-last-child text-left\">\n\t\t\t\n\t\t\t<h2>Panaszt tesz<\/h2>\n<div class=\"wpcf7 no-js\" id=\"wpcf7-f2442-o1\" lang=\"pl-PL\" dir=\"ltr\" data-wpcf7-id=\"2442\">\n<div class=\"screen-reader-response\"><p role=\"status\" aria-live=\"polite\" aria-atomic=\"true\"><\/p> <ul><\/ul><\/div>\n<form action=\"\/hu\/wp-json\/wp\/v2\/pages\/2421#wpcf7-f2442-o1\" method=\"post\" class=\"wpcf7-form init\" aria-label=\"Kapcsolatfelv\u00e9teli \u0171rlap\" novalidate=\"novalidate\" data-status=\"init\" data-trp-original-action=\"\/hu\/wp-json\/wp\/v2\/pages\/2421#wpcf7-f2442-o1\">\n<fieldset class=\"hidden-fields-container\"><input type=\"hidden\" name=\"_wpcf7\" value=\"2442\" \/><input type=\"hidden\" name=\"_wpcf7_version\" value=\"6.1.1\" \/><input type=\"hidden\" name=\"_wpcf7_locale\" value=\"pl_PL\" \/><input type=\"hidden\" name=\"_wpcf7_unit_tag\" value=\"wpcf7-f2442-o1\" \/><input type=\"hidden\" name=\"_wpcf7_container_post\" value=\"0\" \/><input type=\"hidden\" name=\"_wpcf7_posted_data_hash\" value=\"\" \/><input type=\"hidden\" name=\"_wpcf7_recaptcha_response\" value=\"\" \/>\n<\/fieldset>\n<div class=\"serwis-form\">\n\t<p class=\"p-header\">Eszk\u00f6z \u00e9s probl\u00e9ma le\u00edr\u00e1sa\n\t<\/p>\n\t<p><br \/>\n<label for=\"model\">Modell (k\u00f6telez\u0151)<br \/>\n<span class=\"wpcf7-form-control-wrap\" data-name=\"model\"><select class=\"wpcf7-form-control wpcf7-select wpcf7-validates-as-required\" id=\"model\" aria-required=\"true\" aria-invalid=\"false\" name=\"model\"><option value=\"\">&#8212;Prosz\u0119 wybra\u0107 opcj\u0119&#8212;<\/option><option value=\"\u2014 wybierz \u2014\">- v\u00e1lasszon -<\/option><option value=\"Minova PRO 260W\">Minova PRO 260W<\/option><option value=\"N\u00f3\u017c termiczny Minova SP-7Y\">Minova termikus k\u00e9s SP-7Y<\/option><option value=\"Procut Base 108\">Procut Base 108<\/option><\/select><\/span><br \/>\n<\/label>\n\t<\/p>\n\t<p><br \/>\n<label for=\"serial-number\">Sorozatsz\u00e1m (k\u00f6telez\u0151)<br \/>\n<span class=\"wpcf7-form-control-wrap\" data-name=\"serial-number\"><input size=\"40\" maxlength=\"400\" class=\"wpcf7-form-control wpcf7-text wpcf7-validates-as-required\" id=\"serial-number\" aria-required=\"true\" aria-invalid=\"false\" placeholder=\"pl. KD51-2025-000123\" value=\"\" type=\"text\" name=\"serial-number\" \/><\/span><br \/>\n<\/label>\n\t<\/p>\n\t<p><br \/>\n<label for=\"damage\">A k\u00e1r le\u00edr\u00e1sa (k\u00f6telez\u0151)<br \/>\n<span class=\"wpcf7-form-control-wrap\" data-name=\"damage\"><textarea cols=\"40\" rows=\"10\" maxlength=\"2000\" class=\"wpcf7-form-control wpcf7-textarea wpcf7-validates-as-required\" id=\"damage\" aria-required=\"true\" aria-invalid=\"false\" placeholder=\"A t\u00fcnetek r\u00f6vid le\u00edr\u00e1sa, mikor jelentkeznek, munkak\u00f6r\u00fclm\u00e9nyek stb.\" name=\"damage\"><\/textarea><\/span><br \/>\n<\/label>\n\t<\/p>\n\t<p><br \/>\n<label for=\"repair-type\">A jav\u00edt\u00e1s t\u00edpusa (k\u00f6telez\u0151)<br \/>\n<span class=\"wpcf7-form-control-wrap\" data-name=\"repair-type\"><select class=\"wpcf7-form-control wpcf7-select wpcf7-validates-as-required\" id=\"repair-type\" aria-required=\"true\" aria-invalid=\"false\" name=\"repair-type\"><option value=\"\">&#8212;Prosz\u0119 wybra\u0107 opcj\u0119&#8212;<\/option><option value=\"\u2014 wybierz \u2014\">- v\u00e1lasszon -<\/option><option value=\"Gwarancyjna\">Garancia<\/option><option value=\"Pogwarancyjna\">Garancia ut\u00e1ni<\/option><\/select><\/span><br \/>\n<\/label>\n\t<\/p>\n\n <!-- DATA ZAKUPU \u2013 ukryta, pokazuje si\u0119 tylko przy Gwarancyjnej -->\n\t<div id=\"warranty-date-section\" style=\"display:none; margin: .5rem 0 1rem;\">\n\t\t<p><label for=\"purchase-date\">A k\u00e9sz\u00fcl\u00e9k v\u00e1s\u00e1rl\u00e1s\u00e1nak d\u00e1tuma (a garanci\u00e1lis jav\u00edt\u00e1shoz sz\u00fcks\u00e9ges)<br \/>\n<span class=\"wpcf7-form-control-wrap\" data-name=\"purchase-date\"><input class=\"wpcf7-form-control wpcf7-date wpcf7-validates-as-date\" id=\"purchase-date\" min=\"2000-01-01\" max=\"2026-04-08\" aria-invalid=\"false\" value=\"\" type=\"date\" name=\"purchase-date\" \/><\/span><br \/>\n<\/label>\n\t\t<\/p>\n\t<\/div>\n\n <!-- TWOJE DANE \u2013 w 2 kolumnach -->\n\t<div id=\"your-data-section\" style=\"display:none; margin-top:1rem;\">\n\t\t<p class=\"p-header\">Az \u00d6n adatai\n\t\t<\/p>\n\t\t<div class=\"grid-two\">\n\t\t\t<p><br \/>\n<label for=\"first-name\">N\u00e9v<br \/>\n<span class=\"wpcf7-form-control-wrap\" data-name=\"first-name\"><input size=\"40\" maxlength=\"400\" class=\"wpcf7-form-control wpcf7-text\" id=\"first-name\" aria-invalid=\"false\" value=\"\" type=\"text\" name=\"first-name\" \/><\/span><br \/>\n<\/label>\n\t\t\t<\/p>\n\t\t\t<p><br \/>\n<label for=\"last-name\">N\u00e9v<br \/>\n<span class=\"wpcf7-form-control-wrap\" data-name=\"last-name\"><input size=\"40\" maxlength=\"400\" class=\"wpcf7-form-control wpcf7-text\" id=\"last-name\" aria-invalid=\"false\" value=\"\" type=\"text\" name=\"last-name\" \/><\/span><br \/>\n<\/label>\n\t\t\t<\/p>\n\t\t\t<p><br \/>\n<label for=\"company\">C\u00e9gn\u00e9v (k\u00f6telez\u0151)<br \/>\n<span class=\"wpcf7-form-control-wrap\" data-name=\"company\"><input size=\"40\" maxlength=\"400\" class=\"wpcf7-form-control wpcf7-text wpcf7-validates-as-required\" id=\"company\" aria-required=\"true\" aria-invalid=\"false\" value=\"\" type=\"text\" name=\"company\" \/><\/span><br \/>\n<\/label>\n\t\t\t<\/p>\n\t\t\t<p><br \/>\n<label for=\"nip\">TIN (k\u00f6telez\u0151)<br \/>\n<span class=\"wpcf7-form-control-wrap\" data-name=\"nip\"><input size=\"40\" maxlength=\"400\" class=\"wpcf7-form-control wpcf7-text wpcf7-validates-as-required\" id=\"nip\" aria-required=\"true\" aria-invalid=\"false\" placeholder=\"sz\u00f3k\u00f6z\u00f6k n\u00e9lk\u00fcl\" value=\"\" type=\"text\" name=\"nip\" \/><\/span><br \/>\n<\/label>\n\t\t\t<\/p>\n\t\t\t<p><br \/>\n<label for=\"your-email\">E-mail (k\u00f6telez\u0151)<br \/>\n<span class=\"wpcf7-form-control-wrap\" data-name=\"your-email\"><input size=\"40\" maxlength=\"400\" class=\"wpcf7-form-control wpcf7-email wpcf7-validates-as-required wpcf7-text wpcf7-validates-as-email\" id=\"your-email\" aria-required=\"true\" aria-invalid=\"false\" value=\"\" type=\"email\" name=\"your-email\" \/><\/span><br \/>\n<\/label>\n\t\t\t<\/p>\n\t\t\t<p><br \/>\n<label for=\"your-phone\">Telefon (k\u00f6telez\u0151)<br \/>\n<span class=\"wpcf7-form-control-wrap\" data-name=\"your-phone\"><input size=\"40\" maxlength=\"400\" class=\"wpcf7-form-control wpcf7-tel wpcf7-validates-as-required wpcf7-text wpcf7-validates-as-tel\" id=\"your-phone\" aria-required=\"true\" aria-invalid=\"false\" placeholder=\"+48 600 000 000\" value=\"\" type=\"tel\" name=\"your-phone\" \/><\/span><br \/>\n<\/label>\n\t\t\t<\/p>\n\t\t<\/div>\n\t<\/div>\n\n <!-- ZGODY bez checkbox\u00f3w -->\n\t<p>Elfogadom <a href=\"https:\/\/procutdev.i3dev.pl\/hu\/regulamin\/\" target=\"_blank\" rel=\"noopener\">a karbantart\u00e1si szolg\u00e1ltat\u00e1sok ny\u00fajt\u00e1s\u00e1nak felt\u00e9telei<\/a>.\n\t<\/p>\n\t<p>Megismerkedtem <a href=\"https:\/\/procutdev.i3dev.pl\/hu\/polityka-prywatnosci\/\" target=\"_blank\" rel=\"noopener\">inform\u00e1ci\u00f3 az adatfeldolgoz\u00e1sr\u00f3l (RODO)<\/a>.\n\t<\/p>\n\t<p><input class=\"wpcf7-form-control wpcf7-submit has-spinner\" type=\"submit\" value=\"Szolg\u00e1ltat\u00e1si k\u00e9relem k\u00fcld\u00e9se\" \/>\n\t<\/p>\n<\/div>\n<style>\n .serwis-form .grid-two {\n display: grid;\n grid-template-columns: 1fr 1fr;\n gap: 16px;\n }\n @media (max-width:768px){\n .serwis-form .grid-two { grid-template-columns:1fr; }\n }\n .serwis-form label {\n display:block;\n font-weight:500;\n margin-bottom:8px;\n }\n .serwis-form input, \n .serwis-form select, \n .serwis-form textarea {\n width:100%;\n box-sizing:border-box;\n }\n.serwis-form br{\ndisplay:none;\n}\np.p-header{\nheight: 44px;\n width: 100%;\n background-color: #0c1a2c;\n display: flex;\n flex-direction: column;\n justify-content: center;\n color: #f3f5fc;\n font-weight: 500;\n border-radius: 10px;\n padding-left: 16px;\n padding-right: 16px;\n margin-bottom: 16px; \n}\n<\/style>\n<p><script>\ndocument.addEventListener('DOMContentLoaded', function() {\n const model = document.getElementById('model');\n const repair = document.getElementById('repair-type');\n const yourData = document.getElementById('your-data-section');\n const warranty = document.getElementById('warranty-date-section');\n const purchaseDate = document.getElementById('purchase-date');\n\n function toggleYourData() {\n const hasModel = model && model.value && model.value.trim() !== '' && model.value !== '\u2014 wybierz \u2014';\n yourData.style.display = hasModel ? 'block' : 'none';\n }\n\n function toggleWarrantyDate() {\n const isWarranty = repair && repair.value === 'Gwarancyjna';\n warranty.style.display = isWarranty ? 'block' : 'none';\n if (purchaseDate) {\n if (isWarranty) {\n purchaseDate.setAttribute('required', 'required');\n purchaseDate.setAttribute('aria-required', 'true');\n } else {\n purchaseDate.removeAttribute('required');\n purchaseDate.removeAttribute('aria-required');\n }\n }\n }\n\n toggleYourData();\n toggleWarrantyDate();\n\n if (model) model.addEventListener('change', toggleYourData);\n if (repair) repair.addEventListener('change', toggleWarrantyDate);\n\n document.addEventListener('wpcf7mailsent', () => { toggleYourData(); toggleWarrantyDate(); });\n document.addEventListener('wpcf7invalid', () => { toggleYourData(); toggleWarrantyDate(); });\n});\n<\/script>\n<\/p><div class=\"wpcf7-response-output\" aria-hidden=\"true\"><\/div>\n<input type=\"hidden\" name=\"trp-form-language\" value=\"hu\"\/><\/form>\n<\/div>\n\n\t\t\t\t\t<\/div>\n\t\t\t\t\t\t<\/div>\n\t\t\t\t<\/div>\n\t\t\t\t<\/div>\n\t\t\t\t\t<\/div>\n\t\t\t\t<\/div>\n\t\t\t\t<\/div>","protected":false},"excerpt":{"rendered":"<p>Serwis Procut i Minova Gwarancyjny i pogwarancyjnyProdukty Minova obj\u0119te s\u0105 pe\u0142n\u0105 ochron\u0105 serwisow\u0105. Oferujemy szybkie naprawy zar\u00f3wno w okresie gwarancji,<\/p>","protected":false},"author":1,"featured_media":0,"parent":0,"menu_order":0,"comment_status":"closed","ping_status":"closed","template":"","meta":{"_acf_changed":false,"footnotes":""},"class_list":["post-2421","page","type-page","status-publish","hentry"],"acf":[],"_links":{"self":[{"href":"https:\/\/procutdev.i3dev.pl\/hu\/wp-json\/wp\/v2\/pages\/2421","targetHints":{"allow":["GET"]}}],"collection":[{"href":"https:\/\/procutdev.i3dev.pl\/hu\/wp-json\/wp\/v2\/pages"}],"about":[{"href":"https:\/\/procutdev.i3dev.pl\/hu\/wp-json\/wp\/v2\/types\/page"}],"author":[{"embeddable":true,"href":"https:\/\/procutdev.i3dev.pl\/hu\/wp-json\/wp\/v2\/users\/1"}],"replies":[{"embeddable":true,"href":"https:\/\/procutdev.i3dev.pl\/hu\/wp-json\/wp\/v2\/comments?post=2421"}],"version-history":[{"count":39,"href":"https:\/\/procutdev.i3dev.pl\/hu\/wp-json\/wp\/v2\/pages\/2421\/revisions"}],"predecessor-version":[{"id":2514,"href":"https:\/\/procutdev.i3dev.pl\/hu\/wp-json\/wp\/v2\/pages\/2421\/revisions\/2514"}],"wp:attachment":[{"href":"https:\/\/procutdev.i3dev.pl\/hu\/wp-json\/wp\/v2\/media?parent=2421"}],"curies":[{"name":"wp","href":"https:\/\/api.w.org\/{rel}","templated":true}]}}