{"id":3013,"date":"2025-12-21T17:38:05","date_gmt":"2025-12-21T15:38:05","guid":{"rendered":"https:\/\/procutdev.i3dev.pl\/?post_type=product&#038;p=3013"},"modified":"2026-02-02T23:12:54","modified_gmt":"2026-02-02T21:12:54","slug":"noz-do-welny-mineralnej-pir-i-pianek-minova-mv-w01","status":"publish","type":"product","link":"https:\/\/procutdev.i3dev.pl\/en\/product\/noz-do-welny-mineralnej-pir-i-pianek-minova-mv-w01\/","title":{"rendered":"N\u00f3\u017c akumulatorowy do we\u0142ny mineralnej, PIR i pianek MINOVA W01"},"content":{"rendered":"<div data-elementor-type=\"wp-post\" data-elementor-id=\"3013\" class=\"elementor elementor-3013\" data-elementor-post-type=\"product\">\n\t\t\t\t<div class=\"wd-negative-gap elementor-element elementor-element-b82c840 e-flex e-con-boxed e-con e-parent\" data-id=\"b82c840\" data-element_type=\"container\">\n\t\t\t\t\t<div class=\"e-con-inner\">\n\t\t\t\t<div class=\"elementor-element elementor-element-44bf66e elementor-widget elementor-widget-wd_text_block\" data-id=\"44bf66e\" data-element_type=\"widget\" data-widget_type=\"wd_text_block.default\">\n\t\t\t\t<div class=\"elementor-widget-container\">\n\t\t\t\t\t\t\t<div class=\"wd-text-block reset-last-child text-left\">\n\t\t\t\n\t\t\t<p><strong>Przedstawiamy profesjonalny n\u00f3\u017c akumulatorowy do izolacji MINOVA W01<\/strong>\u00a0- narz\u0119dzie stworzone dla ekip budowlanych i monter\u00f3w, kt\u00f3rzy oczekuj\u0105 szybkiego i czystego ci\u0119cia materia\u0142\u00f3w izolacyjnych.<br \/>Zasilanie akumulatorowe 18V, pr\u0119dko\u015b\u0107 do 3000 ruch\u00f3w\/min oraz dwustronne ostrza sprawiaj\u0105, \u017ce 001B doskonale radzi sobie z <strong>we\u0142n\u0105 mineraln\u0105, p\u0142ytami PIR\/PUR, piankami i mi\u0119kkimi p\u0142ytami w\u0142\u00f3knistymi.<\/strong><br \/>Idealny do pracy na budowie - bez kabla, bez szarpania materia\u0142u i z minimaln\u0105 ilo\u015bci\u0105 odpad\u00f3w.<\/p><div id=\"simple-translate\" class=\"simple-translate-system-theme\"><div><div class=\"simple-translate-button isShow\" style=\"background-image: url('moz-extension:\/\/f6d3e1ae-e0ad-4cec-b66f-30252c6a0408\/icons\/512.png'); height: 22px; width: 22px; top: 110px; left: 143px;\">\u00a0<\/div><div class=\"simple-translate-panel\" style=\"width: 300px; height: 200px; top: 0px; left: 0px; font-size: 13px;\"><div class=\"simple-translate-result-wrapper\" style=\"overflow: hidden;\"><div class=\"simple-translate-move\" draggable=\"true\">\u00a0<\/div><div class=\"simple-translate-result-contents\"><p class=\"simple-translate-result\" dir=\"auto\">\u00a0<\/p><p class=\"simple-translate-candidate\" dir=\"auto\">\u00a0<\/p><\/div><\/div><\/div><\/div><\/div>\n\t\t\t\t\t<\/div>\n\t\t\t\t\t\t<\/div>\n\t\t\t\t<\/div>\n\t\t\t\t\t<\/div>\n\t\t\t\t<\/div>\n\t\t<div class=\"elementor-element elementor-element-b1b61d5 e-flex e-con-boxed e-con e-parent\" data-id=\"b1b61d5\" data-element_type=\"container\">\n\t\t\t\t\t<div class=\"e-con-inner\">\n\t\t<div class=\"elementor-element elementor-element-5c1469b e-con-full e-flex e-con e-child\" data-id=\"5c1469b\" data-element_type=\"container\">\n\t\t\t\t<div class=\"elementor-element elementor-element-7a3cc12 elementor-widget elementor-widget-wd_text_block\" data-id=\"7a3cc12\" data-element_type=\"widget\" data-widget_type=\"wd_text_block.default\">\n\t\t\t\t<div class=\"elementor-widget-container\">\n\t\t\t\t\t\t\t<div class=\"wd-text-block reset-last-child text-left\">\n\t\t\t\n\t\t\t<h3>\u2705 Zakres ci\u0119tych materia\u0142\u00f3w<\/h3><p>Jedno narz\u0119dzie do wi\u0119kszo\u015bci materia\u0142\u00f3w izolacyjnych stosowanych na budowie.<\/p><p>Mo\u017cna ci\u0105\u0107:<\/p><ul><li>we\u0142n\u0119 mineraln\u0105 (skaln\u0105 i szklan\u0105)<\/li><li>p\u0142yty PIR \/ PUR<\/li><li>pianki izolacyjne<\/li><li>mi\u0119kkie p\u0142yty z w\u0142\u00f3kien drzewnych<\/li><li>p\u0142yty akustyczne i termoizolacyjne<\/li><li>materia\u0142y izolacyjne o du\u017cej grubo\u015bci (wielowarstwowe)<\/li><\/ul>\n\t\t\t\t\t<\/div>\n\t\t\t\t\t\t<\/div>\n\t\t\t\t<\/div>\n\t\t\t\t<\/div>\n\t\t<div class=\"elementor-element elementor-element-e4b49f8 e-con-full e-flex e-con e-child\" data-id=\"e4b49f8\" data-element_type=\"container\">\n\t\t\t\t<div class=\"elementor-element elementor-element-e6d710f elementor-widget elementor-widget-wd_image_or_svg\" data-id=\"e6d710f\" data-element_type=\"widget\" data-widget_type=\"wd_image_or_svg.default\">\n\t\t\t\t<div class=\"elementor-widget-container\">\n\t\t\t\t\t\n\t\t<div class=\"wd-image text-left\">\n\t\t\t\t\t\t\t\t<img fetchpriority=\"high\" decoding=\"async\" width=\"1600\" height=\"1533\" src=\"https:\/\/procutdev.i3dev.pl\/wp-content\/uploads\/2025\/12\/ciecie-welny-o.jpg\" class=\"attachment-full size-full\" alt=\"\" srcset=\"https:\/\/procutdev.i3dev.pl\/wp-content\/uploads\/2025\/12\/ciecie-welny-o.jpg 1600w, https:\/\/procutdev.i3dev.pl\/wp-content\/uploads\/2025\/12\/ciecie-welny-o-150x144.jpg 150w, https:\/\/procutdev.i3dev.pl\/wp-content\/uploads\/2025\/12\/ciecie-welny-o-1200x1150.jpg 1200w, https:\/\/procutdev.i3dev.pl\/wp-content\/uploads\/2025\/12\/ciecie-welny-o-300x287.jpg 300w, https:\/\/procutdev.i3dev.pl\/wp-content\/uploads\/2025\/12\/ciecie-welny-o-1024x981.jpg 1024w, https:\/\/procutdev.i3dev.pl\/wp-content\/uploads\/2025\/12\/ciecie-welny-o-768x736.jpg 768w, https:\/\/procutdev.i3dev.pl\/wp-content\/uploads\/2025\/12\/ciecie-welny-o-1536x1472.jpg 1536w, https:\/\/procutdev.i3dev.pl\/wp-content\/uploads\/2025\/12\/ciecie-welny-o-13x12.jpg 13w\" sizes=\"(max-width: 1600px) 100vw, 1600px\" \/>\t\t\t\t\t<\/div>\n\n\t\t\t\t\t\t<\/div>\n\t\t\t\t<\/div>\n\t\t\t\t<\/div>\n\t\t\t\t\t<\/div>\n\t\t\t\t<\/div>\n\t\t<div class=\"elementor-element elementor-element-257130a e-flex e-con-boxed e-con e-parent\" data-id=\"257130a\" data-element_type=\"container\">\n\t\t\t\t\t<div class=\"e-con-inner\">\n\t\t<div class=\"elementor-element elementor-element-22cbfc0 e-con-full e-flex e-con e-child\" data-id=\"22cbfc0\" data-element_type=\"container\">\n\t\t\t\t<div class=\"elementor-element elementor-element-4888f29 elementor-widget elementor-widget-wd_text_block\" data-id=\"4888f29\" data-element_type=\"widget\" data-widget_type=\"wd_text_block.default\">\n\t\t\t\t<div class=\"elementor-widget-container\">\n\t\t\t\t\t\t\t<div class=\"wd-text-block reset-last-child text-left\">\n\t\t\t\n\t\t\t<h3>\u2705 Dwustronne ostrza - dopasowane do r\u00f3\u017cnych materia\u0142\u00f3w:<\/h3><p>N\u00f3\u017c MINOVA W01 wyposa\u017cony jest w dwustronne ostrza tn\u0105ce, co pozwala dobra\u0107 odpowiedni\u0105 stron\u0119 ostrza do rodzaju materia\u0142u:<\/p><p><strong>ostrze falowane<\/strong> - idealne do mi\u0119kkich materia\u0142\u00f3w w\u0142\u00f3knistych, takich jak:<\/p><ul><li>p\u0142yty z w\u0142\u00f3kien drzewnych<\/li><li>we\u0142na mineralna<\/li><li>materia\u0142y o lu\u017anej strukturze<br \/>Zapewnia p\u0142ynne prowadzenie i ogranicza wyrywanie w\u0142\u00f3kien.<\/li><\/ul><p><strong>ostrze proste<\/strong> (standardowe) - przeznaczone do:<\/p><ul><li>p\u0142yt PIR \/ PUR<\/li><li>pianek izolacyjnych<\/li><li>materia\u0142\u00f3w bardziej zwartych<br \/>Gwarantuje r\u00f3wne, czyste ci\u0119cie i wysok\u0105 precyzj\u0119.<\/li><\/ul><div id=\"simple-translate\" class=\"simple-translate-system-theme\"><div><div class=\"simple-translate-button isShow\" style=\"background-image: url('moz-extension:\/\/f6d3e1ae-e0ad-4cec-b66f-30252c6a0408\/icons\/512.png'); height: 22px; width: 22px; top: 114px; left: 155px;\">\u00a0<\/div><div class=\"simple-translate-panel\" style=\"width: 300px; height: 200px; top: 0px; left: 0px; font-size: 13px;\"><div class=\"simple-translate-result-wrapper\" style=\"overflow: hidden;\"><div class=\"simple-translate-move\" draggable=\"true\">\u00a0<\/div><div class=\"simple-translate-result-contents\"><p class=\"simple-translate-result\" dir=\"auto\">\u00a0<\/p><p class=\"simple-translate-candidate\" dir=\"auto\">\u00a0<\/p><\/div><\/div><\/div><\/div><\/div>\n\t\t\t\t\t<\/div>\n\t\t\t\t\t\t<\/div>\n\t\t\t\t<\/div>\n\t\t\t\t<\/div>\n\t\t<div class=\"elementor-element elementor-element-388ba8a e-con-full e-flex e-con e-child\" data-id=\"388ba8a\" data-element_type=\"container\">\n\t\t\t\t<div class=\"elementor-element elementor-element-190374d elementor-widget elementor-widget-wd_image_or_svg\" data-id=\"190374d\" data-element_type=\"widget\" data-widget_type=\"wd_image_or_svg.default\">\n\t\t\t\t<div class=\"elementor-widget-container\">\n\t\t\t\t\t\n\t\t<div class=\"wd-image text-left\">\n\t\t\t\t\t\t\t\t<img decoding=\"async\" width=\"1600\" height=\"1600\" src=\"https:\/\/procutdev.i3dev.pl\/wp-content\/uploads\/2025\/12\/przyblizenie-o.jpg\" class=\"attachment-full size-full\" alt=\"\" srcset=\"https:\/\/procutdev.i3dev.pl\/wp-content\/uploads\/2025\/12\/przyblizenie-o.jpg 1600w, https:\/\/procutdev.i3dev.pl\/wp-content\/uploads\/2025\/12\/przyblizenie-o-600x600.jpg 600w, https:\/\/procutdev.i3dev.pl\/wp-content\/uploads\/2025\/12\/przyblizenie-o-150x150.jpg 150w, https:\/\/procutdev.i3dev.pl\/wp-content\/uploads\/2025\/12\/przyblizenie-o-1200x1200.jpg 1200w, https:\/\/procutdev.i3dev.pl\/wp-content\/uploads\/2025\/12\/przyblizenie-o-300x300.jpg 300w, https:\/\/procutdev.i3dev.pl\/wp-content\/uploads\/2025\/12\/przyblizenie-o-1024x1024.jpg 1024w, https:\/\/procutdev.i3dev.pl\/wp-content\/uploads\/2025\/12\/przyblizenie-o-768x768.jpg 768w, https:\/\/procutdev.i3dev.pl\/wp-content\/uploads\/2025\/12\/przyblizenie-o-1536x1536.jpg 1536w, https:\/\/procutdev.i3dev.pl\/wp-content\/uploads\/2025\/12\/przyblizenie-o-12x12.jpg 12w\" sizes=\"(max-width: 1600px) 100vw, 1600px\" \/>\t\t\t\t\t<\/div>\n\n\t\t\t\t\t\t<\/div>\n\t\t\t\t<\/div>\n\t\t\t\t<\/div>\n\t\t\t\t\t<\/div>\n\t\t\t\t<\/div>\n\t\t<div class=\"elementor-element elementor-element-7835951 e-flex e-con-boxed e-con e-parent\" data-id=\"7835951\" data-element_type=\"container\">\n\t\t\t\t\t<div class=\"e-con-inner\">\n\t\t<div class=\"elementor-element elementor-element-22e2dc8 e-con-full e-flex e-con e-child\" data-id=\"22e2dc8\" data-element_type=\"container\">\n\t\t\t\t<div class=\"elementor-element elementor-element-978a539 elementor-widget elementor-widget-wd_text_block\" data-id=\"978a539\" data-element_type=\"widget\" data-widget_type=\"wd_text_block.default\">\n\t\t\t\t<div class=\"elementor-widget-container\">\n\t\t\t\t\t\t\t<div class=\"wd-text-block reset-last-child text-left\">\n\t\t\t\n\t\t\t<h3>\u2705 Wysoka pr\u0119dko\u015b\u0107 pracy - do 3000 ruch\u00f3w na minut\u0119<\/h3><p>Du\u017ca pr\u0119dko\u015b\u0107 skoku zapewnia:<\/p><ul><li>szybkie ci\u0119cie nawet grubych warstw izolacji<\/li><li>mniejszy op\u00f3r materia\u0142u<\/li><li>p\u0142ynn\u0105 prac\u0119 bez szarpania<\/li><li>realn\u0105 oszcz\u0119dno\u015b\u0107 czasu przy wi\u0119kszych metra\u017cach<\/li><\/ul>\n\t\t\t\t\t<\/div>\n\t\t\t\t\t\t<\/div>\n\t\t\t\t<\/div>\n\t\t\t\t<\/div>\n\t\t<div class=\"elementor-element elementor-element-b251420 e-con-full e-flex e-con e-child\" data-id=\"b251420\" data-element_type=\"container\">\n\t\t\t\t<div class=\"elementor-element elementor-element-6794de8 elementor-widget elementor-widget-wd_image_or_svg\" data-id=\"6794de8\" data-element_type=\"widget\" data-widget_type=\"wd_image_or_svg.default\">\n\t\t\t\t<div class=\"elementor-widget-container\">\n\t\t\t\t\t\n\t\t<div class=\"wd-image text-left\">\n\t\t\t\t\t\t\t\t<img decoding=\"async\" width=\"1600\" height=\"1600\" src=\"https:\/\/procutdev.i3dev.pl\/wp-content\/uploads\/2025\/12\/main-o.jpg\" class=\"attachment-full size-full\" alt=\"\" srcset=\"https:\/\/procutdev.i3dev.pl\/wp-content\/uploads\/2025\/12\/main-o.jpg 1600w, https:\/\/procutdev.i3dev.pl\/wp-content\/uploads\/2025\/12\/main-o-600x600.jpg 600w, https:\/\/procutdev.i3dev.pl\/wp-content\/uploads\/2025\/12\/main-o-150x150.jpg 150w, https:\/\/procutdev.i3dev.pl\/wp-content\/uploads\/2025\/12\/main-o-1200x1200.jpg 1200w, https:\/\/procutdev.i3dev.pl\/wp-content\/uploads\/2025\/12\/main-o-300x300.jpg 300w, https:\/\/procutdev.i3dev.pl\/wp-content\/uploads\/2025\/12\/main-o-1024x1024.jpg 1024w, https:\/\/procutdev.i3dev.pl\/wp-content\/uploads\/2025\/12\/main-o-768x768.jpg 768w, https:\/\/procutdev.i3dev.pl\/wp-content\/uploads\/2025\/12\/main-o-1536x1536.jpg 1536w, https:\/\/procutdev.i3dev.pl\/wp-content\/uploads\/2025\/12\/main-o-12x12.jpg 12w\" sizes=\"(max-width: 1600px) 100vw, 1600px\" \/>\t\t\t\t\t<\/div>\n\n\t\t\t\t\t\t<\/div>\n\t\t\t\t<\/div>\n\t\t\t\t<\/div>\n\t\t\t\t\t<\/div>\n\t\t\t\t<\/div>\n\t\t<div class=\"elementor-element elementor-element-b8243a4 e-flex e-con-boxed e-con e-parent\" data-id=\"b8243a4\" data-element_type=\"container\">\n\t\t\t\t\t<div class=\"e-con-inner\">\n\t\t<div class=\"elementor-element elementor-element-0e5838c e-con-full e-flex e-con e-child\" data-id=\"0e5838c\" data-element_type=\"container\">\n\t\t\t\t<div class=\"elementor-element elementor-element-89eaf87 elementor-widget elementor-widget-wd_text_block\" data-id=\"89eaf87\" data-element_type=\"widget\" data-widget_type=\"wd_text_block.default\">\n\t\t\t\t<div class=\"elementor-widget-container\">\n\t\t\t\t\t\t\t<div class=\"wd-text-block reset-last-child text-left\">\n\t\t\t\n\t\t\t<h3>\u2705 Skok ostrza 13 mm<\/h3><p>Odpowiednio dobrany skok ostrza pozwala na:<\/p><ul><li>efektywne \u201ezagryzanie\u201d materia\u0142u<\/li><li>lepsze odprowadzanie urobku<\/li><li>stabiln\u0105 prac\u0119 przy grubych p\u0142ytach<\/li><\/ul>\n\t\t\t\t\t<\/div>\n\t\t\t\t\t\t<\/div>\n\t\t\t\t<\/div>\n\t\t\t\t<\/div>\n\t\t<div class=\"elementor-element elementor-element-21988b4 e-con-full e-flex e-con e-child\" data-id=\"21988b4\" data-element_type=\"container\">\n\t\t\t\t<div class=\"elementor-element elementor-element-38c4df2 elementor-widget elementor-widget-wd_image_or_svg\" data-id=\"38c4df2\" data-element_type=\"widget\" data-widget_type=\"wd_image_or_svg.default\">\n\t\t\t\t<div class=\"elementor-widget-container\">\n\t\t\t\t\t\n\t\t<div class=\"wd-image text-left\">\n\t\t\t\t\t\t\t\t<img loading=\"lazy\" decoding=\"async\" width=\"1600\" height=\"1600\" src=\"https:\/\/procutdev.i3dev.pl\/wp-content\/uploads\/2025\/12\/cieci2-main-o.jpg\" class=\"attachment-full size-full\" alt=\"\" srcset=\"https:\/\/procutdev.i3dev.pl\/wp-content\/uploads\/2025\/12\/cieci2-main-o.jpg 1600w, https:\/\/procutdev.i3dev.pl\/wp-content\/uploads\/2025\/12\/cieci2-main-o-600x600.jpg 600w, https:\/\/procutdev.i3dev.pl\/wp-content\/uploads\/2025\/12\/cieci2-main-o-150x150.jpg 150w, https:\/\/procutdev.i3dev.pl\/wp-content\/uploads\/2025\/12\/cieci2-main-o-1200x1200.jpg 1200w, https:\/\/procutdev.i3dev.pl\/wp-content\/uploads\/2025\/12\/cieci2-main-o-300x300.jpg 300w, https:\/\/procutdev.i3dev.pl\/wp-content\/uploads\/2025\/12\/cieci2-main-o-1024x1024.jpg 1024w, https:\/\/procutdev.i3dev.pl\/wp-content\/uploads\/2025\/12\/cieci2-main-o-768x768.jpg 768w, https:\/\/procutdev.i3dev.pl\/wp-content\/uploads\/2025\/12\/cieci2-main-o-1536x1536.jpg 1536w, https:\/\/procutdev.i3dev.pl\/wp-content\/uploads\/2025\/12\/cieci2-main-o-12x12.jpg 12w\" sizes=\"(max-width: 1600px) 100vw, 1600px\" \/>\t\t\t\t\t<\/div>\n\n\t\t\t\t\t\t<\/div>\n\t\t\t\t<\/div>\n\t\t\t\t<\/div>\n\t\t\t\t\t<\/div>\n\t\t\t\t<\/div>\n\t\t<div class=\"elementor-element elementor-element-7526a55 e-flex e-con-boxed e-con e-parent\" data-id=\"7526a55\" data-element_type=\"container\">\n\t\t\t\t\t<div class=\"e-con-inner\">\n\t\t<div class=\"elementor-element elementor-element-fea4154 e-con-full e-flex e-con e-child\" data-id=\"fea4154\" data-element_type=\"container\">\n\t\t\t\t<div class=\"elementor-element elementor-element-e279cdf elementor-widget elementor-widget-wd_text_block\" data-id=\"e279cdf\" data-element_type=\"widget\" data-widget_type=\"wd_text_block.default\">\n\t\t\t\t<div class=\"elementor-widget-container\">\n\t\t\t\t\t\t\t<div class=\"wd-text-block reset-last-child text-left\">\n\t\t\t\n\t\t\t<h3>\u2705 Kompletny zestaw<\/h3><ul><li>n\u00f3\u017c akumulatorowy MINOVA W01<\/li><li>ostrze 150 mm<\/li><li>ostrze 300 mm<\/li><li>akumulator Li-ion 18V \/ 2.0 Ah<\/li><li>\u0142adowark\u0119<\/li><li>solidn\u0105 walizk\u0119 transportow\u0105<\/li><\/ul><div id=\"simple-translate\" class=\"simple-translate-system-theme\"><div><div class=\"simple-translate-button isShow\" style=\"background-image: url('moz-extension:\/\/f6d3e1ae-e0ad-4cec-b66f-30252c6a0408\/icons\/512.png'); height: 22px; width: 22px; top: 61px; left: 167px;\">\u00a0<\/div><div class=\"simple-translate-panel\" style=\"width: 300px; height: 200px; top: 0px; left: 0px; font-size: 13px;\"><div class=\"simple-translate-result-wrapper\" style=\"overflow: hidden;\"><div class=\"simple-translate-move\" draggable=\"true\">\u00a0<\/div><div class=\"simple-translate-result-contents\"><p class=\"simple-translate-result\" dir=\"auto\">\u00a0<\/p><p class=\"simple-translate-candidate\" dir=\"auto\">\u00a0<\/p><\/div><\/div><\/div><\/div><\/div>\n\t\t\t\t\t<\/div>\n\t\t\t\t\t\t<\/div>\n\t\t\t\t<\/div>\n\t\t\t\t<\/div>\n\t\t<div class=\"elementor-element elementor-element-b68d97b e-con-full e-flex e-con e-child\" data-id=\"b68d97b\" data-element_type=\"container\">\n\t\t\t\t<div class=\"elementor-element elementor-element-d24024a elementor-widget elementor-widget-wd_image_or_svg\" data-id=\"d24024a\" data-element_type=\"widget\" data-widget_type=\"wd_image_or_svg.default\">\n\t\t\t\t<div class=\"elementor-widget-container\">\n\t\t\t\t\t\n\t\t<div class=\"wd-image text-left\">\n\t\t\t\t\t\t\t\t<img loading=\"lazy\" decoding=\"async\" width=\"1600\" height=\"1600\" src=\"https:\/\/procutdev.i3dev.pl\/wp-content\/uploads\/2025\/12\/Pudlo-o.jpg\" class=\"attachment-full size-full\" alt=\"\" srcset=\"https:\/\/procutdev.i3dev.pl\/wp-content\/uploads\/2025\/12\/Pudlo-o.jpg 1600w, https:\/\/procutdev.i3dev.pl\/wp-content\/uploads\/2025\/12\/Pudlo-o-600x600.jpg 600w, https:\/\/procutdev.i3dev.pl\/wp-content\/uploads\/2025\/12\/Pudlo-o-150x150.jpg 150w, https:\/\/procutdev.i3dev.pl\/wp-content\/uploads\/2025\/12\/Pudlo-o-1200x1200.jpg 1200w, https:\/\/procutdev.i3dev.pl\/wp-content\/uploads\/2025\/12\/Pudlo-o-300x300.jpg 300w, https:\/\/procutdev.i3dev.pl\/wp-content\/uploads\/2025\/12\/Pudlo-o-1024x1024.jpg 1024w, https:\/\/procutdev.i3dev.pl\/wp-content\/uploads\/2025\/12\/Pudlo-o-768x768.jpg 768w, https:\/\/procutdev.i3dev.pl\/wp-content\/uploads\/2025\/12\/Pudlo-o-1536x1536.jpg 1536w, https:\/\/procutdev.i3dev.pl\/wp-content\/uploads\/2025\/12\/Pudlo-o-12x12.jpg 12w\" sizes=\"(max-width: 1600px) 100vw, 1600px\" \/>\t\t\t\t\t<\/div>\n\n\t\t\t\t\t\t<\/div>\n\t\t\t\t<\/div>\n\t\t\t\t<\/div>\n\t\t\t\t\t<\/div>\n\t\t\t\t<\/div>\n\t\t<div class=\"wd-negative-gap elementor-element elementor-element-e23bea0 e-flex e-con-boxed e-con e-parent\" data-id=\"e23bea0\" data-element_type=\"container\">\n\t\t\t\t\t<div class=\"e-con-inner\">\n\t\t<div class=\"elementor-element elementor-element-d753615 e-con-full e-flex e-con e-child\" data-id=\"d753615\" data-element_type=\"container\">\n\t\t\t\t<div class=\"elementor-element elementor-element-f23bf43 elementor-widget elementor-widget-wd_text_block\" data-id=\"f23bf43\" data-element_type=\"widget\" data-widget_type=\"wd_text_block.default\">\n\t\t\t\t<div class=\"elementor-widget-container\">\n\t\t\t\t\t\t\t<div class=\"wd-text-block reset-last-child text-left\">\n\t\t\t\n\t\t\t<h2>Technical specifications:<\/h2>\n\t\t\t\t\t<\/div>\n\t\t\t\t\t\t<\/div>\n\t\t\t\t<\/div>\n\t\t\t\t<\/div>\n\t\t\t\t<div class=\"elementor-element elementor-element-54b93b6 elementor-widget elementor-widget-wd_table\" data-id=\"54b93b6\" data-element_type=\"widget\" data-widget_type=\"wd_table.default\">\n\t\t\t\t<div class=\"elementor-widget-container\">\n\t\t\t\t\t\t\t<div class=\"wd-el-table-wrap wd-reset-all-last\">\n\t\t\t<table class=\"wd-el-table\">\n\t\t\t\t\t\t\t\t\t<thead class=\"text-left\">\n\t\t\t\t\t\t\t\t\t\t\t\t\t\t\t\t\t\t\t\t\t\t\t\t\t\t\t\t\t\t<tr class=\"wd-table-row elementor-repeater-item-7d56782\">\n\t\t\t\t\t\t\t\t\t\t\t\t\t\t\t\t\t\t\t\t\t\t\t\t\t\t\t<\/tr>\n\t\t\t\t\t<\/thead>\n\t\t\t\t\n\t\t\t\t<tbody class=\"text-left\">\n\t\t\t\t\t\t\t\t\t\t\t\t\t\t\t\t\t\t\t\t\t\t\t\t\t\t<tr class=\"wd-table-row elementor-repeater-item-b00c995\">\n\t\t\t\t\t\t\t\t\t\t\t\t\t\t\t\t\t\t\t\t\t\t\t\t\t\t\t\t\t\t\t<td class=\"wd-table-cell elementor-repeater-item-9420185\" colspan=\"1\" rowspan=\"1\">\n\t\t\t\t\t\t\t<p><strong>Voltage:<\/strong><\/p>\t\t\t\t\t\t\t<\/td>\n\t\t\t\t\t\t\t\t\t\t\t\t\t\t\t\t\t\t\t\t\t\t\t\t<td class=\"wd-table-cell elementor-repeater-item-38ed803\" colspan=\"1\" rowspan=\"1\">\n\t\t\t\t\t\t\t<p>18V DC<\/p>\t\t\t\t\t\t\t<\/td>\n\t\t\t\t\t\t\t\t\t\t\t\t\t\t\t\t\t\t\t\t\t\t\t\t\t\t\t\t\t\t\t\t<\/tr>\n\t\t\t\t\t\t\t\t<tr class=\"wd-table-row elementor-repeater-item-cdccbfe\">\n\t\t\t\t\t\t\t\t\t\t\t\t\t\t\t\t\t\t\t\t\t\t\t\t\t\t\t\t\t\t\t<td class=\"wd-table-cell elementor-repeater-item-837e819\" colspan=\"1\" rowspan=\"1\">\n\t\t\t\t\t\t\t<p><strong>Akumulator:<\/strong><\/p>\t\t\t\t\t\t\t<\/td>\n\t\t\t\t\t\t\t\t\t\t\t\t\t\t\t\t\t\t\t\t\t\t\t\t<td class=\"wd-table-cell elementor-repeater-item-95476fb\" colspan=\"1\" rowspan=\"1\">\n\t\t\t\t\t\t\t<p>Li-ion 18V \/ 2.0 Ah<\/p>\t\t\t\t\t\t\t<\/td>\n\t\t\t\t\t\t\t\t\t\t\t\t\t\t\t\t\t\t\t\t\t\t\t\t\t\t\t\t\t\t\t\t<\/tr>\n\t\t\t\t\t\t\t\t<tr class=\"wd-table-row elementor-repeater-item-2fb0920\">\n\t\t\t\t\t\t\t\t\t\t\t\t\t\t\t\t\t\t\t\t\t\t\t\t\t\t\t\t\t\t\t<td class=\"wd-table-cell elementor-repeater-item-06fb2a1\" colspan=\"1\" rowspan=\"1\">\n\t\t\t\t\t\t\t<p><strong>D\u0142ugo\u015b\u0107 ostrza:<\/strong><\/p>\t\t\t\t\t\t\t<\/td>\n\t\t\t\t\t\t\t\t\t\t\t\t\t\t\t\t\t\t\t\t\t\t\t\t<td class=\"wd-table-cell elementor-repeater-item-1a760c6\" colspan=\"1\" rowspan=\"1\">\n\t\t\t\t\t\t\t<p>150 mm \/ 300 mm<\/p>\t\t\t\t\t\t\t<\/td>\n\t\t\t\t\t\t\t\t\t\t\t\t\t\t\t\t\t\t\t\t\t\t\t\t\t\t\t\t\t\t\t\t<\/tr>\n\t\t\t\t\t\t\t\t<tr class=\"wd-table-row elementor-repeater-item-4f90d17\">\n\t\t\t\t\t\t\t\t\t\t\t\t\t\t\t\t\t\t\t\t\t\t\t\t\t\t\t\t\t\t\t<td class=\"wd-table-cell elementor-repeater-item-00c7e0e\" colspan=\"1\" rowspan=\"1\">\n\t\t\t\t\t\t\t<p><strong>Skok:<\/strong><\/p>\t\t\t\t\t\t\t<\/td>\n\t\t\t\t\t\t\t\t\t\t\t\t\t\t\t\t\t\t\t\t\t\t\t\t<td class=\"wd-table-cell elementor-repeater-item-f2d0dfa\" colspan=\"1\" rowspan=\"1\">\n\t\t\t\t\t\t\t<p>13mm<\/p>\t\t\t\t\t\t\t<\/td>\n\t\t\t\t\t\t\t\t\t\t\t\t\t\t\t\t\t\t\t\t\t\t\t\t\t\t\t\t\t\t\t\t<\/tr>\n\t\t\t\t\t\t\t\t<tr class=\"wd-table-row elementor-repeater-item-d834141\">\n\t\t\t\t\t\t\t\t\t\t\t\t\t\t\t\t\t\t\t\t\t\t\t\t\t\t\t\t\t\t\t<td class=\"wd-table-cell elementor-repeater-item-41c4ecd\" colspan=\"1\" rowspan=\"1\">\n\t\t\t\t\t\t\t<p><strong>Pr\u0119dko\u015b\u0107:<\/strong><\/p>\t\t\t\t\t\t\t<\/td>\n\t\t\t\t\t\t\t\t\t\t\t\t\t\t\t\t\t\t\t\t\t\t\t\t<td class=\"wd-table-cell elementor-repeater-item-91748bd\" colspan=\"1\" rowspan=\"1\">\n\t\t\t\t\t\t\t<p>do 3000 spm<\/p>\t\t\t\t\t\t\t<\/td>\n\t\t\t\t\t\t\t\t\t\t\t\t\t\t\t\t\t\t\t\t\t\t\t\t\t\t\t\t\t\t\t\t<\/tr>\n\t\t\t\t\t\t\t\t<tr class=\"wd-table-row elementor-repeater-item-0104d14\">\n\t\t\t\t\t\t\t\t\t\t\t\t\t\t\t\t\t\t\t\t\t\t\t\t\t\t\t\t\t\t\t<td class=\"wd-table-cell elementor-repeater-item-3032ed3\" colspan=\"1\" rowspan=\"1\">\n\t\t\t\t\t\t\t<p><strong>Waga (z bateri\u0105 i ostrzem):<\/strong><\/p>\t\t\t\t\t\t\t<\/td>\n\t\t\t\t\t\t\t\t\t\t\t\t\t\t\t\t\t\t\t\t\t\t\t\t<td class=\"wd-table-cell elementor-repeater-item-63eeb8a\" colspan=\"1\" rowspan=\"1\">\n\t\t\t\t\t\t\t<p>1,48kg<\/p>\t\t\t\t\t\t\t<\/td>\n\t\t\t\t\t\t\t\t\t\t\t\t\t\t\t\t\t\t\t\t\t\t\t\t\t\t\t\t\t\t\t\t<\/tr>\n\t\t\t\t\t\t\t\t<tr class=\"wd-table-row elementor-repeater-item-2b7f029\">\n\t\t\t\t\t\t\t\t\t\t\t\t\t\t\t\t\t\t\t\t\t\t\t\t\t\t\t\t\t\t\t<td class=\"wd-table-cell elementor-repeater-item-7304c80\" colspan=\"1\" rowspan=\"1\">\n\t\t\t\t\t\t\t<p><strong>Czas \u0142adowania:<\/strong><\/p>\t\t\t\t\t\t\t<\/td>\n\t\t\t\t\t\t\t\t\t\t\t\t\t\t\t\t\t\t\t\t\t\t\t\t<td class=\"wd-table-cell elementor-repeater-item-5149656\" colspan=\"1\" rowspan=\"1\">\n\t\t\t\t\t\t\t<p>ok. 75 minut<\/p>\t\t\t\t\t\t\t<\/td>\n\t\t\t\t\t\t\t\t\t\t\t\t\t\t\t\t\t\t\t\t\t\t\t\t\t\t\t\t\t\t\t\t<\/tr>\n\t\t\t\t\t\t\t\t<tr class=\"wd-table-row elementor-repeater-item-15a5d1b\">\n\t\t\t\t\t\t\t\t\t\t\t\t\t\t\t\t\t\t\t\t\t\t\t\t\t\t\t\t\t\t\t<td class=\"wd-table-cell elementor-repeater-item-9923940\" colspan=\"1\" rowspan=\"1\">\n\t\t\t\t\t\t\t<p><strong>\u0141adowarka:<\/strong><\/p>\t\t\t\t\t\t\t<\/td>\n\t\t\t\t\t\t\t\t\t\t\t\t\t\t\t\t\t\t\t\t\t\t\t\t<td class=\"wd-table-cell elementor-repeater-item-d19762b\" colspan=\"1\" rowspan=\"1\">\n\t\t\t\t\t\t\t<p>100\u2013240V AC, 50\u201360 Hz<\/p>\t\t\t\t\t\t\t<\/td>\n\t\t\t\t\t\t\t\t\t\t\t\t\t\t\t\t\t\t\t\t\t\t\t\t\t\t\t\t\t\t\t\t<\/tr>\n\t\t\t\t\t\t\t\t<tr class=\"wd-table-row elementor-repeater-item-8ce9b4f\">\n\t\t\t\t\t\t\t\t\t\t\t\t\t\t\t\t\t\t\t\t\t\t\t\t\t\t\t\t\t\t\t<td class=\"wd-table-cell elementor-repeater-item-230e06a\" colspan=\"1\" rowspan=\"1\">\n\t\t\t\t\t\t\t<p><strong>Certificates:<\/strong><\/p>\t\t\t\t\t\t\t<\/td>\n\t\t\t\t\t\t\t\t\t\t\t\t\t\t\t\t\t\t\t\t\t\t\t\t<td class=\"wd-table-cell elementor-repeater-item-fef7472\" colspan=\"1\" rowspan=\"1\">\n\t\t\t\t\t\t\t<p>CE<\/p>\t\t\t\t\t\t\t<\/td>\n\t\t\t\t\t\t\t\t\t\t\t\t\t\t\t\t<\/tr>\n\t\t\t\t<\/tbody>\n\t\t\t<\/table>\n\t\t<\/div>\n\t\t\t\t\t\t<\/div>\n\t\t\t\t<\/div>\n\t\t\t\t\t<\/div>\n\t\t\t\t<\/div>\n\t\t\t\t<\/div>","protected":false},"excerpt":{"rendered":"<p>Profesjonalny n\u00f3\u017c akumulatorowy do precyzyjnego i szybkiego ci\u0119cia materia\u0142\u00f3w izolacyjnych.<br \/>\nStworzony do intensywnej pracy na budowie, tam gdzie liczy si\u0119 <strong>mobilno\u015b\u0107, czyste ci\u0119cie i powtarzalno\u015b\u0107.<\/strong><\/p>\n<p>MINOVA 001B to narz\u0119dzie zaprojektowane specjalnie do <strong>we\u0142ny mineralnej (skalnej i szklanej), p\u0142yt PIR \/ PUR, pianek izolacyjnych oraz mi\u0119kkich p\u0142yt w\u0142\u00f3knistych.<\/strong><\/p>","protected":false},"featured_media":3020,"comment_status":"open","ping_status":"closed","template":"","meta":{"_acf_changed":false},"product_brand":[],"product_cat":[76],"product_tag":[],"class_list":{"0":"post-3013","1":"product","2":"type-product","3":"status-publish","4":"has-post-thumbnail","6":"product_cat-noze-do-welny","7":"product_shipping_class-gabaryt-maly","9":"first","10":"outofstock","11":"sale","12":"taxable","13":"shipping-taxable","14":"purchasable","15":"product-type-simple"},"acf":[],"_links":{"self":[{"href":"https:\/\/procutdev.i3dev.pl\/en\/wp-json\/wp\/v2\/product\/3013","targetHints":{"allow":["GET"]}}],"collection":[{"href":"https:\/\/procutdev.i3dev.pl\/en\/wp-json\/wp\/v2\/product"}],"about":[{"href":"https:\/\/procutdev.i3dev.pl\/en\/wp-json\/wp\/v2\/types\/product"}],"replies":[{"embeddable":true,"href":"https:\/\/procutdev.i3dev.pl\/en\/wp-json\/wp\/v2\/comments?post=3013"}],"version-history":[{"count":15,"href":"https:\/\/procutdev.i3dev.pl\/en\/wp-json\/wp\/v2\/product\/3013\/revisions"}],"predecessor-version":[{"id":3272,"href":"https:\/\/procutdev.i3dev.pl\/en\/wp-json\/wp\/v2\/product\/3013\/revisions\/3272"}],"wp:featuredmedia":[{"embeddable":true,"href":"https:\/\/procutdev.i3dev.pl\/en\/wp-json\/wp\/v2\/media\/3020"}],"wp:attachment":[{"href":"https:\/\/procutdev.i3dev.pl\/en\/wp-json\/wp\/v2\/media?parent=3013"}],"wp:term":[{"taxonomy":"product_brand","embeddable":true,"href":"https:\/\/procutdev.i3dev.pl\/en\/wp-json\/wp\/v2\/product_brand?post=3013"},{"taxonomy":"product_cat","embeddable":true,"href":"https:\/\/procutdev.i3dev.pl\/en\/wp-json\/wp\/v2\/product_cat?post=3013"},{"taxonomy":"product_tag","embeddable":true,"href":"https:\/\/procutdev.i3dev.pl\/en\/wp-json\/wp\/v2\/product_tag?post=3013"}],"curies":[{"name":"wp","href":"https:\/\/api.w.org\/{rel}","templated":true}]}}