{"id":3011,"date":"2025-11-30T19:50:23","date_gmt":"2025-11-30T17:50:23","guid":{"rendered":"https:\/\/procutdev.i3dev.pl\/?post_type=product&#038;p=3011"},"modified":"2026-01-14T22:38:02","modified_gmt":"2026-01-14T20:38:02","slug":"adapter-minova-makita-18v","status":"publish","type":"product","link":"https:\/\/procutdev.i3dev.pl\/cs\/product\/adapter-minova-makita-18v\/","title":{"rendered":"Adapter Minova \u2192 Makita 18V"},"content":{"rendered":"","protected":false},"excerpt":{"rendered":"<p><strong>Pracuj na przecinarkach Minova z bateriami Makita 18V<\/strong><\/p>\n<p>Adapter Minova &#8211; DeWalt umo\u017cliwia korzystanie z popularnych baterii Makita 18V we wszystkich kompatybilnych urz\u0105dzeniach Minova.<br \/>\nZapewnia pe\u0142n\u0105 mobilno\u015b\u0107, stabilne zasilanie i maksymaln\u0105 wygod\u0119 pracy na budowie \u2014 bez kabli i bez ogranicze\u0144.<\/p>\n<p><strong>Najwa\u017cniejsze<\/strong>:<\/p>\n<ul>\n<li>Kompatybilny z akumulatorami Makita 18V<\/li>\n<li>Wsp\u00f3\u0142pracuje z Minova Pro, Minova Elite oraz no\u017cami termicznymi<\/li>\n<li>Zapewnia pe\u0142n\u0105 moc i bezpiecze\u0144stwo u\u017cytkowania<\/li>\n<li>Lekki, trwa\u0142y i \u0142atwy w monta\u017cu<\/li>\n<\/ul>\n<p>Idealny, gdy chcesz pracowa\u0107 bezprzewodowo korzystaj\u0105c z baterii, kt\u00f3re ju\u017c masz w firmie.<\/p>\n<div id=\"simple-translate\" class=\"simple-translate-system-theme\">\n<div>\n<div class=\"simple-translate-button isShow\" style=\"background-image: url('moz-extension:\/\/f6d3e1ae-e0ad-4cec-b66f-30252c6a0408\/icons\/512.png'); height: 22px; width: 22px; top: 68px; left: 308px;\"><\/div>\n<div class=\"simple-translate-panel\" style=\"width: 300px; height: 200px; top: 0px; left: 0px; font-size: 13px;\">\n<div class=\"simple-translate-result-wrapper\" style=\"overflow: hidden;\">\n<div class=\"simple-translate-move\" draggable=\"true\"><\/div>\n<div class=\"simple-translate-result-contents\">\n<p class=\"simple-translate-result\" dir=\"auto\">\n<p class=\"simple-translate-candidate\" dir=\"auto\">\n<\/div>\n<\/div>\n<\/div>\n<\/div>\n<\/div>","protected":false},"featured_media":2875,"comment_status":"open","ping_status":"closed","template":"","meta":{"_acf_changed":false},"product_brand":[],"product_cat":[61],"product_tag":[],"class_list":{"0":"post-3011","1":"product","2":"type-product","3":"status-publish","4":"has-post-thumbnail","6":"product_cat-akcesoria","8":"first","9":"instock","10":"sale","11":"taxable","12":"shipping-taxable","13":"purchasable","14":"product-type-simple"},"acf":[],"_links":{"self":[{"href":"https:\/\/procutdev.i3dev.pl\/cs\/wp-json\/wp\/v2\/product\/3011","targetHints":{"allow":["GET"]}}],"collection":[{"href":"https:\/\/procutdev.i3dev.pl\/cs\/wp-json\/wp\/v2\/product"}],"about":[{"href":"https:\/\/procutdev.i3dev.pl\/cs\/wp-json\/wp\/v2\/types\/product"}],"replies":[{"embeddable":true,"href":"https:\/\/procutdev.i3dev.pl\/cs\/wp-json\/wp\/v2\/comments?post=3011"}],"version-history":[{"count":1,"href":"https:\/\/procutdev.i3dev.pl\/cs\/wp-json\/wp\/v2\/product\/3011\/revisions"}],"predecessor-version":[{"id":3012,"href":"https:\/\/procutdev.i3dev.pl\/cs\/wp-json\/wp\/v2\/product\/3011\/revisions\/3012"}],"wp:featuredmedia":[{"embeddable":true,"href":"https:\/\/procutdev.i3dev.pl\/cs\/wp-json\/wp\/v2\/media\/2875"}],"wp:attachment":[{"href":"https:\/\/procutdev.i3dev.pl\/cs\/wp-json\/wp\/v2\/media?parent=3011"}],"wp:term":[{"taxonomy":"product_brand","embeddable":true,"href":"https:\/\/procutdev.i3dev.pl\/cs\/wp-json\/wp\/v2\/product_brand?post=3011"},{"taxonomy":"product_cat","embeddable":true,"href":"https:\/\/procutdev.i3dev.pl\/cs\/wp-json\/wp\/v2\/product_cat?post=3011"},{"taxonomy":"product_tag","embeddable":true,"href":"https:\/\/procutdev.i3dev.pl\/cs\/wp-json\/wp\/v2\/product_tag?post=3011"}],"curies":[{"name":"wp","href":"https:\/\/api.w.org\/{rel}","templated":true}]}}