{"id":2880,"date":"2025-11-30T20:00:00","date_gmt":"2025-11-30T18:00:00","guid":{"rendered":"https:\/\/procutdev.i3dev.pl\/?post_type=product&#038;p=2880"},"modified":"2026-01-26T17:43:58","modified_gmt":"2026-01-26T15:43:58","slug":"adapter-minova-dewalt","status":"publish","type":"product","link":"https:\/\/procutdev.i3dev.pl\/cs\/product\/adapter-minova-dewalt\/","title":{"rendered":"Adapter Minova \u2192 DeWalt 18V"},"content":{"rendered":"","protected":false},"excerpt":{"rendered":"<p><strong>Pracuj na przecinarkach Minova z bateriami DeWalt 18V<\/strong><\/p>\n<p>Adapter Minova &#8211; DeWalt umo\u017cliwia korzystanie z popularnych baterii DeWalt 18V we wszystkich kompatybilnych urz\u0105dzeniach Minova.<br \/>\nZapewnia pe\u0142n\u0105 mobilno\u015b\u0107, stabilne zasilanie i maksymaln\u0105 wygod\u0119 pracy na budowie \u2014 bez kabli i bez ogranicze\u0144.<\/p>\n<p><strong>Najwa\u017cniejsze<\/strong>:<\/p>\n<ul>\n<li>Kompatybilny z akumulatorami DeWalt 18V<\/li>\n<li>Wsp\u00f3\u0142pracuje z Minova Pro, Minova Elite oraz no\u017cami termicznymi<\/li>\n<li>Zapewnia pe\u0142n\u0105 moc i bezpiecze\u0144stwo u\u017cytkowania<\/li>\n<li>Lekki, trwa\u0142y i \u0142atwy w monta\u017cu<\/li>\n<\/ul>\n<p>Idealny, gdy chcesz pracowa\u0107 bezprzewodowo korzystaj\u0105c z baterii, kt\u00f3re ju\u017c masz w firmie.<\/p>","protected":false},"featured_media":2878,"comment_status":"open","ping_status":"closed","template":"","meta":{"_acf_changed":false},"product_brand":[],"product_cat":[61],"product_tag":[],"class_list":{"0":"post-2880","1":"product","2":"type-product","3":"status-publish","4":"has-post-thumbnail","6":"product_cat-akcesoria","8":"first","9":"instock","10":"sale","11":"taxable","12":"shipping-taxable","13":"purchasable","14":"product-type-simple"},"acf":[],"_links":{"self":[{"href":"https:\/\/procutdev.i3dev.pl\/cs\/wp-json\/wp\/v2\/product\/2880","targetHints":{"allow":["GET"]}}],"collection":[{"href":"https:\/\/procutdev.i3dev.pl\/cs\/wp-json\/wp\/v2\/product"}],"about":[{"href":"https:\/\/procutdev.i3dev.pl\/cs\/wp-json\/wp\/v2\/types\/product"}],"replies":[{"embeddable":true,"href":"https:\/\/procutdev.i3dev.pl\/cs\/wp-json\/wp\/v2\/comments?post=2880"}],"version-history":[{"count":3,"href":"https:\/\/procutdev.i3dev.pl\/cs\/wp-json\/wp\/v2\/product\/2880\/revisions"}],"predecessor-version":[{"id":2911,"href":"https:\/\/procutdev.i3dev.pl\/cs\/wp-json\/wp\/v2\/product\/2880\/revisions\/2911"}],"wp:featuredmedia":[{"embeddable":true,"href":"https:\/\/procutdev.i3dev.pl\/cs\/wp-json\/wp\/v2\/media\/2878"}],"wp:attachment":[{"href":"https:\/\/procutdev.i3dev.pl\/cs\/wp-json\/wp\/v2\/media?parent=2880"}],"wp:term":[{"taxonomy":"product_brand","embeddable":true,"href":"https:\/\/procutdev.i3dev.pl\/cs\/wp-json\/wp\/v2\/product_brand?post=2880"},{"taxonomy":"product_cat","embeddable":true,"href":"https:\/\/procutdev.i3dev.pl\/cs\/wp-json\/wp\/v2\/product_cat?post=2880"},{"taxonomy":"product_tag","embeddable":true,"href":"https:\/\/procutdev.i3dev.pl\/cs\/wp-json\/wp\/v2\/product_tag?post=2880"}],"curies":[{"name":"wp","href":"https:\/\/api.w.org\/{rel}","templated":true}]}}