{"id":2421,"date":"2025-09-29T18:36:06","date_gmt":"2025-09-29T16:36:06","guid":{"rendered":"https:\/\/procutdev.i3dev.pl\/?page_id=2421"},"modified":"2025-09-30T11:52:00","modified_gmt":"2025-09-30T09:52:00","slug":"sluzba","status":"publish","type":"page","link":"https:\/\/procutdev.i3dev.pl\/cs\/sluzba\/","title":{"rendered":"Slu\u017eba"},"content":{"rendered":"<div data-elementor-type=\"wp-page\" data-elementor-id=\"2421\" class=\"elementor elementor-2421\" data-elementor-post-type=\"page\">\n\t\t\t\t<div class=\"elementor-element elementor-element-bcdde19 condense-p e-flex e-con-boxed e-con e-parent\" data-id=\"bcdde19\" data-element_type=\"container\">\n\t\t\t\t\t<div class=\"e-con-inner\">\n\t\t<div class=\"elementor-element elementor-element-f69df10 e-con-full e-flex e-con e-child\" data-id=\"f69df10\" data-element_type=\"container\">\n\t\t\t\t<div class=\"elementor-element elementor-element-f577d68 elementor-widget elementor-widget-wd_text_block\" data-id=\"f577d68\" data-element_type=\"widget\" data-widget_type=\"wd_text_block.default\">\n\t\t\t\t<div class=\"elementor-widget-container\">\n\t\t\t\t\t\t\t<div class=\"wd-text-block reset-last-child text-left\">\n\t\t\t\n\t\t\t<h1>Servis Procut a Minova<\/h1>\n<strong data-start=\"168\" data-end=\"199\">Z\u00e1ruka a poz\u00e1ruka<\/strong><br data-start=\"199\" data-end=\"202\" \/>Na v\u00fdrobky Minova se vztahuje pln\u00e1 servisn\u00ed ochrana. Nab\u00edz\u00edme rychl\u00e9 opravy b\u011bhem z\u00e1ru\u010dn\u00ed doby i po n\u00ed - v\u017edy s p\u0159\u00edstupem k origin\u00e1ln\u00edm n\u00e1hradn\u00edm d\u00edl\u016fm.\n<br>\n\ud83d\udce7 <a class=\"decorated-link cursor-pointer\" style=\"color: #0049a3;\" href=\"mailto:serwis@procutdev.i3dev.pl\" rel=\"noopener\" data-start=\"1106\" data-end=\"1122\">serwis@procutdev.i3dev.pl<\/a> | \ud83d\udcde <a style=\"color: #0049a3;\" href=\"tel:660020443\">+48 660020443<\/a>\n\t\t\t\t\t<\/div>\n\t\t\t\t\t\t<\/div>\n\t\t\t\t<\/div>\n\t\t\t\t<div class=\"elementor-element elementor-element-464da4a elementor-widget elementor-widget-wd_text_block\" data-id=\"464da4a\" data-element_type=\"widget\" data-widget_type=\"wd_text_block.default\">\n\t\t\t\t<div class=\"elementor-widget-container\">\n\t\t\t\t\t\t\t<div class=\"wd-text-block reset-last-child text-left\">\n\t\t\t\n\t\t\t<h3>\u2705 Z\u00e1ru\u010dn\u00ed servis<\/h3><ul><li>Na v\u00fdrobky Minova se vztahuje pln\u00e1 z\u00e1ruka spole\u010dnosti Procut. D\u00e9lka z\u00e1ruky je 12 m\u011bs\u00edc\u016f.<\/li><li>V\u0161echny po\u017eadavky vy\u0159izujeme prost\u0159ednictv\u00edm jednoduch\u00e9ho a rychl\u00e9ho online servisn\u00edho formul\u00e1\u0159e.<\/li><li>Doba zpracov\u00e1n\u00ed: 14 pracovn\u00edch dn\u016f (u slo\u017eit\u011bj\u0161\u00edch oprav a\u017e 28 dn\u016f).<\/li><\/ul>\n\t\t\t\t\t<\/div>\n\t\t\t\t\t\t<\/div>\n\t\t\t\t<\/div>\n\t\t\t\t<div class=\"elementor-element elementor-element-70ad543 elementor-widget elementor-widget-wd_text_block\" data-id=\"70ad543\" data-element_type=\"widget\" data-widget_type=\"wd_text_block.default\">\n\t\t\t\t<div class=\"elementor-widget-container\">\n\t\t\t\t\t\t\t<div class=\"wd-text-block reset-last-child text-left\">\n\t\t\t\n\t\t\t<h3>\ud83d\udee0\ufe0f Poprodejn\u00ed servis<\/h3><p>Za\u0159\u00edzen\u00ed Minova z\u016fst\u00e1v\u00e1 v na\u0161\u00ed p\u00e9\u010di i po skon\u010den\u00ed z\u00e1ru\u010dn\u00ed doby.<\/p><ul><li>Nab\u00edz\u00edme rychlou diagnostiku a opravu.<\/li><li>Poskytujeme pln\u00fd p\u0159\u00edstup k <strong>origin\u00e1ln\u00ed n\u00e1hradn\u00ed d\u00edly.<\/strong><\/li><li>Jasn\u00e1 pravidla a rychl\u00e1 implementace.<\/li><\/ul>\n\t\t\t\t\t<\/div>\n\t\t\t\t\t\t<\/div>\n\t\t\t\t<\/div>\n\t\t\t\t<div class=\"elementor-element elementor-element-0e22e93 elementor-widget elementor-widget-wd_text_block\" data-id=\"0e22e93\" data-element_type=\"widget\" data-widget_type=\"wd_text_block.default\">\n\t\t\t\t<div class=\"elementor-widget-container\">\n\t\t\t\t\t\t\t<div class=\"wd-text-block reset-last-child text-left\">\n\t\t\t\n\t\t\t<p><strong>Z\u00e1ru\u010dn\u00ed v\u00fdjimky<\/strong><br \/>\u010c\u00e1sti spot\u0159ebi\u010de, kter\u00e9 se p\u0159irozen\u011b opot\u0159ebov\u00e1vaj\u00ed. <br \/>\u0160kody zp\u016fsoben\u00e9 vn\u011bj\u0161\u00edmi p\u0159\u00ed\u010dinami, nap\u0159. p\u0159\u00edrodn\u00edmi katastrofami.<br \/>V\u00fdrobky opraven\u00e9 nebo upraven\u00e9 neopr\u00e1vn\u011bn\u00fdmi osobami.<\/p><p><strong>Odpov\u011bdnost<\/strong><br \/>Distributor neodpov\u00edd\u00e1 za ztr\u00e1ty zp\u016fsoben\u00e9 selh\u00e1n\u00edm v\u00fdrobku.<\/p><p><strong>Provozn\u00ed tipy<\/strong><br \/>Abyste se vyhnuli mo\u017en\u00fdm probl\u00e9m\u016fm, doporu\u010dujeme v\u00e1m, abyste si p\u0159e\u010detli n\u00e1vod k pou\u017eit\u00ed a n\u00e1\u0159ad\u00ed pravideln\u011b udr\u017eovali. Krom\u011b toho v\u00e1m doporu\u010dujeme nav\u0161t\u00edvit n\u00e1\u0161 blog, kde poskytujeme rady t\u00fdkaj\u00edc\u00ed se pou\u017e\u00edv\u00e1n\u00ed na\u0161eho vybaven\u00ed.<\/p>\n\t\t\t\t\t<\/div>\n\t\t\t\t\t\t<\/div>\n\t\t\t\t<\/div>\n\t\t\t\t<\/div>\n\t\t<div class=\"elementor-element elementor-element-5f8e2a2 e-con-full e-flex e-con e-child\" data-id=\"5f8e2a2\" data-element_type=\"container\">\n\t\t\t\t<div class=\"elementor-element elementor-element-0097f68 elementor-widget elementor-widget-wd_text_block\" data-id=\"0097f68\" data-element_type=\"widget\" data-widget_type=\"wd_text_block.default\">\n\t\t\t\t<div class=\"elementor-widget-container\">\n\t\t\t\t\t\t\t<div class=\"wd-text-block reset-last-child text-left\">\n\t\t\t\n\t\t\t<h2>Podejte st\u00ed\u017enost<\/h2>\n<div class=\"wpcf7 no-js\" id=\"wpcf7-f2442-o1\" lang=\"pl-PL\" dir=\"ltr\" data-wpcf7-id=\"2442\">\n<div class=\"screen-reader-response\"><p role=\"status\" aria-live=\"polite\" aria-atomic=\"true\"><\/p> <ul><\/ul><\/div>\n<form action=\"\/cs\/wp-json\/wp\/v2\/pages\/2421#wpcf7-f2442-o1\" method=\"post\" class=\"wpcf7-form init\" aria-label=\"Formularz kontaktowy\" novalidate=\"novalidate\" data-status=\"init\" data-trp-original-action=\"\/cs\/wp-json\/wp\/v2\/pages\/2421#wpcf7-f2442-o1\">\n<fieldset class=\"hidden-fields-container\"><input type=\"hidden\" name=\"_wpcf7\" value=\"2442\" \/><input type=\"hidden\" name=\"_wpcf7_version\" value=\"6.1.1\" \/><input type=\"hidden\" name=\"_wpcf7_locale\" value=\"pl_PL\" \/><input type=\"hidden\" name=\"_wpcf7_unit_tag\" value=\"wpcf7-f2442-o1\" \/><input type=\"hidden\" name=\"_wpcf7_container_post\" value=\"0\" \/><input type=\"hidden\" name=\"_wpcf7_posted_data_hash\" value=\"\" \/><input type=\"hidden\" name=\"_wpcf7_recaptcha_response\" value=\"\" \/>\n<\/fieldset>\n<div class=\"serwis-form\">\n\t<p class=\"p-header\">Popis za\u0159\u00edzen\u00ed a probl\u00e9mu\n\t<\/p>\n\t<p><br \/>\n<label for=\"model\">Model (povinn\u00e9)<br \/>\n<span class=\"wpcf7-form-control-wrap\" data-name=\"model\"><select class=\"wpcf7-form-control wpcf7-select wpcf7-validates-as-required\" id=\"model\" aria-required=\"true\" aria-invalid=\"false\" name=\"model\"><option value=\"\">&#8212;Prosz\u0119 wybra\u0107 opcj\u0119&#8212;<\/option><option value=\"\u2014 wybierz \u2014\">- vybrat -<\/option><option value=\"Minova PRO 260W\">Minova PRO 260W<\/option><option value=\"N\u00f3\u017c termiczny Minova SP-7Y\">Term\u00e1ln\u00ed n\u016f\u017e Minova SP-7Y<\/option><option value=\"Procut Base 108\">Procut Base 108<\/option><\/select><\/span><br \/>\n<\/label>\n\t<\/p>\n\t<p><br \/>\n<label for=\"serial-number\">S\u00e9riov\u00e9 \u010d\u00edslo (povinn\u00e9)<br \/>\n<span class=\"wpcf7-form-control-wrap\" data-name=\"serial-number\"><input size=\"40\" maxlength=\"400\" class=\"wpcf7-form-control wpcf7-text wpcf7-validates-as-required\" id=\"serial-number\" aria-required=\"true\" aria-invalid=\"false\" placeholder=\"nap\u0159. KD51-2025-000123\" value=\"\" type=\"text\" name=\"serial-number\" \/><\/span><br \/>\n<\/label>\n\t<\/p>\n\t<p><br \/>\n<label for=\"damage\">Popi\u0161te \u0161kodu (povinn\u00e9)<br \/>\n<span class=\"wpcf7-form-control-wrap\" data-name=\"damage\"><textarea cols=\"40\" rows=\"10\" maxlength=\"2000\" class=\"wpcf7-form-control wpcf7-textarea wpcf7-validates-as-required\" id=\"damage\" aria-required=\"true\" aria-invalid=\"false\" placeholder=\"Stru\u010dn\u00fd popis p\u0159\u00edznak\u016f, kdy se objevuj\u00ed, pracovn\u00ed podm\u00ednky atd.\" name=\"damage\"><\/textarea><\/span><br \/>\n<\/label>\n\t<\/p>\n\t<p><br \/>\n<label for=\"repair-type\">Typ opravy (povinn\u00e9)<br \/>\n<span class=\"wpcf7-form-control-wrap\" data-name=\"repair-type\"><select class=\"wpcf7-form-control wpcf7-select wpcf7-validates-as-required\" id=\"repair-type\" aria-required=\"true\" aria-invalid=\"false\" name=\"repair-type\"><option value=\"\">&#8212;Prosz\u0119 wybra\u0107 opcj\u0119&#8212;<\/option><option value=\"\u2014 wybierz \u2014\">- vybrat -<\/option><option value=\"Gwarancyjna\">Z\u00e1ruka<\/option><option value=\"Pogwarancyjna\">Poz\u00e1ru\u010dn\u00ed<\/option><\/select><\/span><br \/>\n<\/label>\n\t<\/p>\n\n <!-- DATA ZAKUPU \u2013 ukryta, pokazuje si\u0119 tylko przy Gwarancyjnej -->\n\t<div id=\"warranty-date-section\" style=\"display:none; margin: .5rem 0 1rem;\">\n\t\t<p><label for=\"purchase-date\">Datum zakoupen\u00ed za\u0159\u00edzen\u00ed (nutn\u00e9 pro z\u00e1ru\u010dn\u00ed opravu)<br \/>\n<span class=\"wpcf7-form-control-wrap\" data-name=\"purchase-date\"><input class=\"wpcf7-form-control wpcf7-date wpcf7-validates-as-date\" id=\"purchase-date\" min=\"2000-01-01\" max=\"2026-04-08\" aria-invalid=\"false\" value=\"\" type=\"date\" name=\"purchase-date\" \/><\/span><br \/>\n<\/label>\n\t\t<\/p>\n\t<\/div>\n\n <!-- TWOJE DANE \u2013 w 2 kolumnach -->\n\t<div id=\"your-data-section\" style=\"display:none; margin-top:1rem;\">\n\t\t<p class=\"p-header\">Va\u0161e \u00fadaje\n\t\t<\/p>\n\t\t<div class=\"grid-two\">\n\t\t\t<p><br \/>\n<label for=\"first-name\">N\u00e1zev<br \/>\n<span class=\"wpcf7-form-control-wrap\" data-name=\"first-name\"><input size=\"40\" maxlength=\"400\" class=\"wpcf7-form-control wpcf7-text\" id=\"first-name\" aria-invalid=\"false\" value=\"\" type=\"text\" name=\"first-name\" \/><\/span><br \/>\n<\/label>\n\t\t\t<\/p>\n\t\t\t<p><br \/>\n<label for=\"last-name\">N\u00e1zev<br \/>\n<span class=\"wpcf7-form-control-wrap\" data-name=\"last-name\"><input size=\"40\" maxlength=\"400\" class=\"wpcf7-form-control wpcf7-text\" id=\"last-name\" aria-invalid=\"false\" value=\"\" type=\"text\" name=\"last-name\" \/><\/span><br \/>\n<\/label>\n\t\t\t<\/p>\n\t\t\t<p><br \/>\n<label for=\"company\">N\u00e1zev spole\u010dnosti (povinn\u00e9)<br \/>\n<span class=\"wpcf7-form-control-wrap\" data-name=\"company\"><input size=\"40\" maxlength=\"400\" class=\"wpcf7-form-control wpcf7-text wpcf7-validates-as-required\" id=\"company\" aria-required=\"true\" aria-invalid=\"false\" value=\"\" type=\"text\" name=\"company\" \/><\/span><br \/>\n<\/label>\n\t\t\t<\/p>\n\t\t\t<p><br \/>\n<label for=\"nip\">DI\u010c (povinn\u00e9)<br \/>\n<span class=\"wpcf7-form-control-wrap\" data-name=\"nip\"><input size=\"40\" maxlength=\"400\" class=\"wpcf7-form-control wpcf7-text wpcf7-validates-as-required\" id=\"nip\" aria-required=\"true\" aria-invalid=\"false\" placeholder=\"bez mezer\" value=\"\" type=\"text\" name=\"nip\" \/><\/span><br \/>\n<\/label>\n\t\t\t<\/p>\n\t\t\t<p><br \/>\n<label for=\"your-email\">E-mail (povinn\u00e9)<br \/>\n<span class=\"wpcf7-form-control-wrap\" data-name=\"your-email\"><input size=\"40\" maxlength=\"400\" class=\"wpcf7-form-control wpcf7-email wpcf7-validates-as-required wpcf7-text wpcf7-validates-as-email\" id=\"your-email\" aria-required=\"true\" aria-invalid=\"false\" value=\"\" type=\"email\" name=\"your-email\" \/><\/span><br \/>\n<\/label>\n\t\t\t<\/p>\n\t\t\t<p><br \/>\n<label for=\"your-phone\">Telefon (povinn\u00e9)<br \/>\n<span class=\"wpcf7-form-control-wrap\" data-name=\"your-phone\"><input size=\"40\" maxlength=\"400\" class=\"wpcf7-form-control wpcf7-tel wpcf7-validates-as-required wpcf7-text wpcf7-validates-as-tel\" id=\"your-phone\" aria-required=\"true\" aria-invalid=\"false\" placeholder=\"+48 600 000 000\" value=\"\" type=\"tel\" name=\"your-phone\" \/><\/span><br \/>\n<\/label>\n\t\t\t<\/p>\n\t\t<\/div>\n\t<\/div>\n\n <!-- ZGODY bez checkbox\u00f3w -->\n\t<p>P\u0159ij\u00edm\u00e1m <a href=\"https:\/\/procutdev.i3dev.pl\/cs\/regulamin\/\" target=\"_blank\" rel=\"noopener\">podm\u00ednky pro poskytov\u00e1n\u00ed slu\u017eeb \u00fadr\u017eby<\/a>.\n\t<\/p>\n\t<p>Sezn\u00e1mil jsem se s <a href=\"https:\/\/procutdev.i3dev.pl\/cs\/polityka-prywatnosci\/\" target=\"_blank\" rel=\"noopener\">informace o zpracov\u00e1n\u00ed dat (RODO)<\/a>.\n\t<\/p>\n\t<p><input class=\"wpcf7-form-control wpcf7-submit has-spinner\" type=\"submit\" value=\"Odesl\u00e1n\u00ed po\u017eadavku na slu\u017ebu\" \/>\n\t<\/p>\n<\/div>\n<style>\n .serwis-form .grid-two {\n display: grid;\n grid-template-columns: 1fr 1fr;\n gap: 16px;\n }\n @media (max-width:768px){\n .serwis-form .grid-two { grid-template-columns:1fr; }\n }\n .serwis-form label {\n display:block;\n font-weight:500;\n margin-bottom:8px;\n }\n .serwis-form input, \n .serwis-form select, \n .serwis-form textarea {\n width:100%;\n box-sizing:border-box;\n }\n.serwis-form br{\ndisplay:none;\n}\np.p-header{\nheight: 44px;\n width: 100%;\n background-color: #0c1a2c;\n display: flex;\n flex-direction: column;\n justify-content: center;\n color: #f3f5fc;\n font-weight: 500;\n border-radius: 10px;\n padding-left: 16px;\n padding-right: 16px;\n margin-bottom: 16px; \n}\n<\/style>\n<p><script>\ndocument.addEventListener('DOMContentLoaded', function() {\n const model = document.getElementById('model');\n const repair = document.getElementById('repair-type');\n const yourData = document.getElementById('your-data-section');\n const warranty = document.getElementById('warranty-date-section');\n const purchaseDate = document.getElementById('purchase-date');\n\n function toggleYourData() {\n const hasModel = model && model.value && model.value.trim() !== '' && model.value !== '\u2014 wybierz \u2014';\n yourData.style.display = hasModel ? 'block' : 'none';\n }\n\n function toggleWarrantyDate() {\n const isWarranty = repair && repair.value === 'Gwarancyjna';\n warranty.style.display = isWarranty ? 'block' : 'none';\n if (purchaseDate) {\n if (isWarranty) {\n purchaseDate.setAttribute('required', 'required');\n purchaseDate.setAttribute('aria-required', 'true');\n } else {\n purchaseDate.removeAttribute('required');\n purchaseDate.removeAttribute('aria-required');\n }\n }\n }\n\n toggleYourData();\n toggleWarrantyDate();\n\n if (model) model.addEventListener('change', toggleYourData);\n if (repair) repair.addEventListener('change', toggleWarrantyDate);\n\n document.addEventListener('wpcf7mailsent', () => { toggleYourData(); toggleWarrantyDate(); });\n document.addEventListener('wpcf7invalid', () => { toggleYourData(); toggleWarrantyDate(); });\n});\n<\/script>\n<\/p><div class=\"wpcf7-response-output\" aria-hidden=\"true\"><\/div>\n<input type=\"hidden\" name=\"trp-form-language\" value=\"cs\"\/><\/form>\n<\/div>\n\n\t\t\t\t\t<\/div>\n\t\t\t\t\t\t<\/div>\n\t\t\t\t<\/div>\n\t\t\t\t<\/div>\n\t\t\t\t\t<\/div>\n\t\t\t\t<\/div>\n\t\t\t\t<\/div>","protected":false},"excerpt":{"rendered":"<p>Serwis Procut i Minova Gwarancyjny i pogwarancyjnyProdukty Minova obj\u0119te s\u0105 pe\u0142n\u0105 ochron\u0105 serwisow\u0105. Oferujemy szybkie naprawy zar\u00f3wno w okresie gwarancji,<\/p>","protected":false},"author":1,"featured_media":0,"parent":0,"menu_order":0,"comment_status":"closed","ping_status":"closed","template":"","meta":{"_acf_changed":false,"footnotes":""},"class_list":["post-2421","page","type-page","status-publish","hentry"],"acf":[],"_links":{"self":[{"href":"https:\/\/procutdev.i3dev.pl\/cs\/wp-json\/wp\/v2\/pages\/2421","targetHints":{"allow":["GET"]}}],"collection":[{"href":"https:\/\/procutdev.i3dev.pl\/cs\/wp-json\/wp\/v2\/pages"}],"about":[{"href":"https:\/\/procutdev.i3dev.pl\/cs\/wp-json\/wp\/v2\/types\/page"}],"author":[{"embeddable":true,"href":"https:\/\/procutdev.i3dev.pl\/cs\/wp-json\/wp\/v2\/users\/1"}],"replies":[{"embeddable":true,"href":"https:\/\/procutdev.i3dev.pl\/cs\/wp-json\/wp\/v2\/comments?post=2421"}],"version-history":[{"count":39,"href":"https:\/\/procutdev.i3dev.pl\/cs\/wp-json\/wp\/v2\/pages\/2421\/revisions"}],"predecessor-version":[{"id":2514,"href":"https:\/\/procutdev.i3dev.pl\/cs\/wp-json\/wp\/v2\/pages\/2421\/revisions\/2514"}],"wp:attachment":[{"href":"https:\/\/procutdev.i3dev.pl\/cs\/wp-json\/wp\/v2\/media?parent=2421"}],"curies":[{"name":"wp","href":"https:\/\/api.w.org\/{rel}","templated":true}]}}